{"id":840953,"date":"2024-11-17T07:42:45","date_gmt":"2024-11-17T06:42:45","guid":{"rendered":"https:\/\/streetmarkets.fr\/app\/produit\/collier-livia-zoisite-hanka-in\/"},"modified":"2026-05-05T08:37:54","modified_gmt":"2026-05-05T06:37:54","slug":"collier-livia-zoisite-hanka-in","status":"publish","type":"product","link":"https:\/\/streetmarkets.fr\/app\/produit\/collier-livia-zoisite-hanka-in\/","title":{"rendered":"Collier Livia zoisite &#8211; Hanka In"},"content":{"rendered":"<p>Collier court compos\u00e9 d&#8217;une cha\u00eene fine dor\u00e9e \u00e0 l&#8217;or fin avec en son centre une pierre fine en zoisite et sur les ses c\u00f4t\u00e9s des rondelles en zirconium.\u00a0<\/p>\n<p><strong>Cr\u00e9atrice fran\u00e7aise Hanka In<\/strong>, les mod\u00e8les sont dessin\u00e9s et fabriqu\u00e9s en France.<\/p>\n","protected":false},"excerpt":{"rendered":"<p>Collier court compos\u00e9 d&#8217;une cha\u00eene fine dor\u00e9e \u00e0 l&#8217;or fin avec en son centre une pierre fine en zoisite et sur les ses c\u00f4t\u00e9s des rondelles en zirconium.\u00a0 Cr\u00e9atrice fran\u00e7aise Hanka In, les mod\u00e8les sont dessin\u00e9s et fabriqu\u00e9s en France.<\/p>\n","protected":false},"featured_media":840954,"comment_status":"open","ping_status":"closed","template":"","meta":[],"product_brand":[],"product_cat":[1807,1756],"product_tag":[2244],"acf":[],"_links":{"self":[{"href":"https:\/\/streetmarkets.fr\/app\/wp-json\/wp\/v2\/product\/840953"}],"collection":[{"href":"https:\/\/streetmarkets.fr\/app\/wp-json\/wp\/v2\/product"}],"about":[{"href":"https:\/\/streetmarkets.fr\/app\/wp-json\/wp\/v2\/types\/product"}],"replies":[{"embeddable":true,"href":"https:\/\/streetmarkets.fr\/app\/wp-json\/wp\/v2\/comments?post=840953"}],"wp:featuredmedia":[{"embeddable":true,"href":"https:\/\/streetmarkets.fr\/app\/wp-json\/wp\/v2\/media\/840954"}],"wp:attachment":[{"href":"https:\/\/streetmarkets.fr\/app\/wp-json\/wp\/v2\/media?parent=840953"}],"wp:term":[{"taxonomy":"product_brand","embeddable":true,"href":"https:\/\/streetmarkets.fr\/app\/wp-json\/wp\/v2\/product_brand?post=840953"},{"taxonomy":"product_cat","embeddable":true,"href":"https:\/\/streetmarkets.fr\/app\/wp-json\/wp\/v2\/product_cat?post=840953"},{"taxonomy":"product_tag","embeddable":true,"href":"https:\/\/streetmarkets.fr\/app\/wp-json\/wp\/v2\/product_tag?post=840953"}],"curies":[{"name":"wp","href":"https:\/\/api.w.org\/{rel}","templated":true}]}}