{"id":840070,"date":"2024-11-16T01:12:36","date_gmt":"2024-11-16T00:12:36","guid":{"rendered":"https:\/\/streetmarkets.fr\/app\/produit\/pull-col-montant-flocons-h24-femme-chocolat\/"},"modified":"2025-02-04T01:09:24","modified_gmt":"2025-02-04T00:09:24","slug":"pull-col-montant-flocons-h24-femme-chocolat","status":"publish","type":"product","link":"https:\/\/streetmarkets.fr\/app\/produit\/pull-col-montant-flocons-h24-femme-chocolat\/","title":{"rendered":"Pull Col Montant Flocons (H24 \/ FEMME \/ Chocolat)"},"content":{"rendered":"<p>Jeu de lignes et motifs hivernaux pour ce pull moelleux en cachemire. Avec un col montant et des manches longues, il se pare de bandes contrast\u00e9es constell\u00e9es de flocons. Compl\u00e9tez votre winter silhouette avec une jupe en maille ou un pantalon ample.<\/p>\n<p>&#8211; Pull en cachemire certifi\u00e9 GCS\u00ae Femme<br \/>\n<br \/>&#8211; Motifs bandes et flocons et contrast\u00e9s<br \/>\n<br \/>&#8211; Col montant<br \/>\n<br \/>&#8211; Manches longues<br \/>\n<br \/>&#8211; Bords c\u00f4tel\u00e9s<br \/>\n<br \/>&#8211; Coupe regular<br \/>\n<br \/>&#8211; Le Good Cashmere Standard\u00ae (GCS) est une norme ind\u00e9pendante pour un cachemire plus durable et plus responsable. Il vise \u00e0 am\u00e9liorer le bien-\u00eatre des ch\u00e8vres cachemire, les conditions de travail des \u00e9leveurs ainsi qu&#8217;\u00e0 prot\u00e9ger l&#8217;environnement.<br \/>&#8211; <u>Cachemire 6 fils<\/u> <\/p>\n","protected":false},"excerpt":{"rendered":"<p>Jeu de lignes et motifs hivernaux pour ce pull moelleux en cachemire. Avec un col montant et des manches longues, il se pare de bandes contrast\u00e9es constell\u00e9es de flocons. Compl\u00e9tez votre winter silhouette avec une jupe en maille ou un pantalon ample. &#8211; Pull en cachemire certifi\u00e9 GCS\u00ae Femme &#8211; Motifs bandes et flocons et [&hellip;]<\/p>\n","protected":false},"featured_media":840071,"comment_status":"open","ping_status":"closed","template":"","meta":[],"product_brand":[6868],"product_cat":[1756,1762],"product_tag":[2244],"acf":[],"_links":{"self":[{"href":"https:\/\/streetmarkets.fr\/app\/wp-json\/wp\/v2\/product\/840070"}],"collection":[{"href":"https:\/\/streetmarkets.fr\/app\/wp-json\/wp\/v2\/product"}],"about":[{"href":"https:\/\/streetmarkets.fr\/app\/wp-json\/wp\/v2\/types\/product"}],"replies":[{"embeddable":true,"href":"https:\/\/streetmarkets.fr\/app\/wp-json\/wp\/v2\/comments?post=840070"}],"wp:featuredmedia":[{"embeddable":true,"href":"https:\/\/streetmarkets.fr\/app\/wp-json\/wp\/v2\/media\/840071"}],"wp:attachment":[{"href":"https:\/\/streetmarkets.fr\/app\/wp-json\/wp\/v2\/media?parent=840070"}],"wp:term":[{"taxonomy":"product_brand","embeddable":true,"href":"https:\/\/streetmarkets.fr\/app\/wp-json\/wp\/v2\/product_brand?post=840070"},{"taxonomy":"product_cat","embeddable":true,"href":"https:\/\/streetmarkets.fr\/app\/wp-json\/wp\/v2\/product_cat?post=840070"},{"taxonomy":"product_tag","embeddable":true,"href":"https:\/\/streetmarkets.fr\/app\/wp-json\/wp\/v2\/product_tag?post=840070"}],"curies":[{"name":"wp","href":"https:\/\/api.w.org\/{rel}","templated":true}]}}