{"id":840057,"date":"2024-11-16T01:12:34","date_gmt":"2024-11-16T00:12:34","guid":{"rendered":"https:\/\/streetmarkets.fr\/app\/produit\/pull-col-montant-ski-h24-femme-mountain-green\/"},"modified":"2025-02-02T01:16:05","modified_gmt":"2025-02-02T00:16:05","slug":"pull-col-montant-ski-h24-femme-mountain-green","status":"publish","type":"product","link":"https:\/\/streetmarkets.fr\/app\/produit\/pull-col-montant-ski-h24-femme-mountain-green\/","title":{"rendered":"Pull Col Montant Ski (H24 \/ FEMME \/ Mountain Green)"},"content":{"rendered":"<p>Confectionn\u00e9 en cachemire, ce pull audacieux vous transporte au sommet. Muni d&#8217;un col montant, de manches longues et de bords c\u00f4tel\u00e9s, il r\u00e9v\u00e8le une inscription &#8220;Ski&#8221; sur la poitrine et des bandes tricolores. Pour un look chic et casual, associez-le \u00e0 un pantalon ample ou un jean structur\u00e9.<\/p>\n<p>&#8211; Pull en cachemire certifi\u00e9 GCS\u00ae Femme<br \/>\n<br \/>&#8211; Inscription &#8220;Ski&#8221;<br \/>\n<br \/>&#8211; Bandes tricolores<br \/>\n<br \/>&#8211; Col montant<br \/>\n<br \/>&#8211; Manches longues<br \/>\n<br \/>&#8211; Bords c\u00f4tel\u00e9s contrast\u00e9s<br \/>\n<br \/>&#8211; Coupe regular<br \/>\n<br \/>&#8211; Le Good Cashmere Standard\u00ae (GCS) est une norme ind\u00e9pendante pour un cachemire plus durable et plus responsable. Il vise \u00e0 am\u00e9liorer le bien-\u00eatre des ch\u00e8vres cachemire, les conditions de travail des \u00e9leveurs ainsi qu&#8217;\u00e0 prot\u00e9ger l&#8217;environnement.<br \/>&#8211; <u>Cachemire 2 fils<\/u> <\/p>\n","protected":false},"excerpt":{"rendered":"<p>Confectionn\u00e9 en cachemire, ce pull audacieux vous transporte au sommet. Muni d&#8217;un col montant, de manches longues et de bords c\u00f4tel\u00e9s, il r\u00e9v\u00e8le une inscription &#8220;Ski&#8221; sur la poitrine et des bandes tricolores. Pour un look chic et casual, associez-le \u00e0 un pantalon ample ou un jean structur\u00e9. &#8211; Pull en cachemire certifi\u00e9 GCS\u00ae Femme [&hellip;]<\/p>\n","protected":false},"featured_media":840058,"comment_status":"open","ping_status":"closed","template":"","meta":[],"product_brand":[6868],"product_cat":[1756,1762],"product_tag":[2244],"acf":[],"_links":{"self":[{"href":"https:\/\/streetmarkets.fr\/app\/wp-json\/wp\/v2\/product\/840057"}],"collection":[{"href":"https:\/\/streetmarkets.fr\/app\/wp-json\/wp\/v2\/product"}],"about":[{"href":"https:\/\/streetmarkets.fr\/app\/wp-json\/wp\/v2\/types\/product"}],"replies":[{"embeddable":true,"href":"https:\/\/streetmarkets.fr\/app\/wp-json\/wp\/v2\/comments?post=840057"}],"wp:featuredmedia":[{"embeddable":true,"href":"https:\/\/streetmarkets.fr\/app\/wp-json\/wp\/v2\/media\/840058"}],"wp:attachment":[{"href":"https:\/\/streetmarkets.fr\/app\/wp-json\/wp\/v2\/media?parent=840057"}],"wp:term":[{"taxonomy":"product_brand","embeddable":true,"href":"https:\/\/streetmarkets.fr\/app\/wp-json\/wp\/v2\/product_brand?post=840057"},{"taxonomy":"product_cat","embeddable":true,"href":"https:\/\/streetmarkets.fr\/app\/wp-json\/wp\/v2\/product_cat?post=840057"},{"taxonomy":"product_tag","embeddable":true,"href":"https:\/\/streetmarkets.fr\/app\/wp-json\/wp\/v2\/product_tag?post=840057"}],"curies":[{"name":"wp","href":"https:\/\/api.w.org\/{rel}","templated":true}]}}