{"id":840044,"date":"2024-11-16T01:12:33","date_gmt":"2024-11-16T00:12:33","guid":{"rendered":"https:\/\/streetmarkets.fr\/app\/produit\/pull-col-roule-flocons-h24-femme-sable\/"},"modified":"2025-02-04T01:09:24","modified_gmt":"2025-02-04T00:09:24","slug":"pull-col-roule-flocons-h24-femme-sable","status":"publish","type":"product","link":"https:\/\/streetmarkets.fr\/app\/produit\/pull-col-roule-flocons-h24-femme-sable\/","title":{"rendered":"Pull Col Roul\u00e9 Flocons (H24 \/ FEMME \/ Sable)"},"content":{"rendered":"<p>R\u00e9servation confirm\u00e9e pour le Ski Resort ! Confectionn\u00e9 en cachemire, ce pull r\u00e9v\u00e8le une inscription \u00e0 l\u2019avant et des flocons de neige contrast\u00e9s. Muni d&#8217;un col roul\u00e9, de manches longues et de bords c\u00f4tel\u00e9s, il vient compl\u00e9ter vos looks de saison avec style.<\/p>\n<p>&#8211; Pull en cachemire certifi\u00e9 GCS\u00ae Femme<br \/>\n<br \/>&#8211; Inscription &#8220;From Future Ski Resort&#8221;<br \/>\n<br \/>&#8211; Motifs flocons de neige<br \/>\n<br \/>&#8211; Col roul\u00e9<br \/>\n<br \/>&#8211; Manches longues<br \/>\n<br \/>&#8211; Bords c\u00f4tel\u00e9s<br \/>\n<br \/>&#8211; Coupe regular<br \/>\n<br \/>&#8211; Le Good Cashmere Standard\u00ae (GCS) est une norme ind\u00e9pendante pour un cachemire plus durable et plus responsable. Il vise \u00e0 am\u00e9liorer le bien-\u00eatre des ch\u00e8vres cachemire, les conditions de travail des \u00e9leveurs ainsi qu&#8217;\u00e0 prot\u00e9ger l&#8217;environnement.<br \/>&#8211; <u>Cachemire 2 fils<\/u> <\/p>\n","protected":false},"excerpt":{"rendered":"<p>R\u00e9servation confirm\u00e9e pour le Ski Resort ! Confectionn\u00e9 en cachemire, ce pull r\u00e9v\u00e8le une inscription \u00e0 l\u2019avant et des flocons de neige contrast\u00e9s. Muni d&#8217;un col roul\u00e9, de manches longues et de bords c\u00f4tel\u00e9s, il vient compl\u00e9ter vos looks de saison avec style. &#8211; Pull en cachemire certifi\u00e9 GCS\u00ae Femme &#8211; Inscription &#8220;From Future Ski [&hellip;]<\/p>\n","protected":false},"featured_media":840045,"comment_status":"open","ping_status":"closed","template":"","meta":[],"product_brand":[6868],"product_cat":[1756,1762],"product_tag":[2244],"acf":[],"_links":{"self":[{"href":"https:\/\/streetmarkets.fr\/app\/wp-json\/wp\/v2\/product\/840044"}],"collection":[{"href":"https:\/\/streetmarkets.fr\/app\/wp-json\/wp\/v2\/product"}],"about":[{"href":"https:\/\/streetmarkets.fr\/app\/wp-json\/wp\/v2\/types\/product"}],"replies":[{"embeddable":true,"href":"https:\/\/streetmarkets.fr\/app\/wp-json\/wp\/v2\/comments?post=840044"}],"wp:featuredmedia":[{"embeddable":true,"href":"https:\/\/streetmarkets.fr\/app\/wp-json\/wp\/v2\/media\/840045"}],"wp:attachment":[{"href":"https:\/\/streetmarkets.fr\/app\/wp-json\/wp\/v2\/media?parent=840044"}],"wp:term":[{"taxonomy":"product_brand","embeddable":true,"href":"https:\/\/streetmarkets.fr\/app\/wp-json\/wp\/v2\/product_brand?post=840044"},{"taxonomy":"product_cat","embeddable":true,"href":"https:\/\/streetmarkets.fr\/app\/wp-json\/wp\/v2\/product_cat?post=840044"},{"taxonomy":"product_tag","embeddable":true,"href":"https:\/\/streetmarkets.fr\/app\/wp-json\/wp\/v2\/product_tag?post=840044"}],"curies":[{"name":"wp","href":"https:\/\/api.w.org\/{rel}","templated":true}]}}