{"id":840014,"date":"2024-11-16T01:12:30","date_gmt":"2024-11-16T00:12:30","guid":{"rendered":"https:\/\/streetmarkets.fr\/app\/produit\/pull-col-camionneur-h24-homme-black-mouline\/"},"modified":"2025-02-04T01:09:23","modified_gmt":"2025-02-04T00:09:23","slug":"pull-col-camionneur-h24-homme-black-mouline","status":"publish","type":"product","link":"https:\/\/streetmarkets.fr\/app\/produit\/pull-col-camionneur-h24-homme-black-mouline\/","title":{"rendered":"Pull Col Camionneur (H24 \/ HOMME \/ Black Mouline)"},"content":{"rendered":"<p>Enveloppez-vous de douceur dans ce pull oversize en cachemire. Sa maille contrast\u00e9e et son col camionneur apportent une touche d&#8217;\u00e9l\u00e9gance \u00e0 votre silhouette de saison. Muni de manches longues et de bords c\u00f4tel\u00e9s, il s&#8217;associe \u00e0 un pantalon structur\u00e9.<\/p>\n<p>&#8211; Pull en cachemire certifi\u00e9 GCS\u00ae Homme<br \/>\n<br \/>&#8211; Maille contrast\u00e9e<br \/>\n<br \/>&#8211; Col camionneur<br \/>\n<br \/>&#8211; Manches longues<br \/>\n<br \/>&#8211; Bords c\u00f4tel\u00e9s<br \/>\n<br \/>&#8211; Coupe oversize<br \/>\n<br \/>&#8211; Le Good Cashmere Standard\u00ae (GCS) est une norme ind\u00e9pendante pour un cachemire plus durable et plus responsable. Il vise \u00e0 am\u00e9liorer le bien-\u00eatre des ch\u00e8vres cachemire, les conditions de travail des \u00e9leveurs ainsi qu&#8217;\u00e0 prot\u00e9ger l&#8217;environnement.<br \/>&#8211; <u>Cachemire 6 fils<\/u> <\/p>\n","protected":false},"excerpt":{"rendered":"<p>Enveloppez-vous de douceur dans ce pull oversize en cachemire. Sa maille contrast\u00e9e et son col camionneur apportent une touche d&#8217;\u00e9l\u00e9gance \u00e0 votre silhouette de saison. Muni de manches longues et de bords c\u00f4tel\u00e9s, il s&#8217;associe \u00e0 un pantalon structur\u00e9. &#8211; Pull en cachemire certifi\u00e9 GCS\u00ae Homme &#8211; Maille contrast\u00e9e &#8211; Col camionneur &#8211; Manches longues [&hellip;]<\/p>\n","protected":false},"featured_media":840015,"comment_status":"open","ping_status":"closed","template":"","meta":[],"product_brand":[6868],"product_cat":[1756,1758],"product_tag":[2244],"acf":[],"_links":{"self":[{"href":"https:\/\/streetmarkets.fr\/app\/wp-json\/wp\/v2\/product\/840014"}],"collection":[{"href":"https:\/\/streetmarkets.fr\/app\/wp-json\/wp\/v2\/product"}],"about":[{"href":"https:\/\/streetmarkets.fr\/app\/wp-json\/wp\/v2\/types\/product"}],"replies":[{"embeddable":true,"href":"https:\/\/streetmarkets.fr\/app\/wp-json\/wp\/v2\/comments?post=840014"}],"wp:featuredmedia":[{"embeddable":true,"href":"https:\/\/streetmarkets.fr\/app\/wp-json\/wp\/v2\/media\/840015"}],"wp:attachment":[{"href":"https:\/\/streetmarkets.fr\/app\/wp-json\/wp\/v2\/media?parent=840014"}],"wp:term":[{"taxonomy":"product_brand","embeddable":true,"href":"https:\/\/streetmarkets.fr\/app\/wp-json\/wp\/v2\/product_brand?post=840014"},{"taxonomy":"product_cat","embeddable":true,"href":"https:\/\/streetmarkets.fr\/app\/wp-json\/wp\/v2\/product_cat?post=840014"},{"taxonomy":"product_tag","embeddable":true,"href":"https:\/\/streetmarkets.fr\/app\/wp-json\/wp\/v2\/product_tag?post=840014"}],"curies":[{"name":"wp","href":"https:\/\/api.w.org\/{rel}","templated":true}]}}