{"id":839578,"date":"2024-11-16T00:52:12","date_gmt":"2024-11-15T23:52:12","guid":{"rendered":"https:\/\/streetmarkets.fr\/app\/produit\/mitaines-sam-pour-homme-en-laine-recyclee-rifo\/"},"modified":"2026-05-11T01:43:51","modified_gmt":"2026-05-10T23:43:51","slug":"mitaines-sam-pour-homme-en-laine-recyclee-rifo","status":"publish","type":"product","link":"https:\/\/streetmarkets.fr\/app\/produit\/mitaines-sam-pour-homme-en-laine-recyclee-rifo\/","title":{"rendered":"Mitaines Samuele pour homme en laine recycl\u00e9e Rifo"},"content":{"rendered":"<ul>\n<li>mitaines \u00e0 doigts pour homme\u00a0<\/li>\n<li>100% <strong>laine recycl\u00e9e<\/strong>\n<\/li>\n<li>disponibles dans plusieurs coloris<\/li>\n<li>tricot\u00e9es dans un atelier en <strong>Toscane<\/strong> (Italie) \u00e0 partir de fils recycl\u00e9s certifi\u00e9s<\/li>\n<li>lavage \u00e0 la main recommand\u00e9<\/li>\n<li><strong>\u00e9conomie circulaire<\/strong><\/li>\n<li>marque italienne <strong>Rifo<\/strong>\n<\/li>\n<\/ul>\n<p>Les mitaines sont assorties aux <a title=\"bonnet Marcello unisexe en cachemire recycl\u00e9 Rifo'\" href=\"https:\/\/lesouriremulticolore.com\/collections\/bonnets\/products\/bonnet-marcello-en-cachemire-recycle-rifo\">bonnets <strong>Marcello<\/strong><\/a> <span><\/span>de la collection<\/p>\n","protected":false},"excerpt":{"rendered":"<p>mitaines \u00e0 doigts pour homme\u00a0 100% laine recycl\u00e9e disponibles dans plusieurs coloris tricot\u00e9es dans un atelier en Toscane (Italie) \u00e0 partir de fils recycl\u00e9s certifi\u00e9s lavage \u00e0 la main recommand\u00e9 \u00e9conomie circulaire marque italienne Rifo Les mitaines sont assorties aux bonnets Marcello de la collection<\/p>\n","protected":false},"featured_media":839579,"comment_status":"open","ping_status":"closed","template":"","meta":[],"product_brand":[],"product_cat":[1756,1760],"product_tag":[1810,1813],"acf":[],"_links":{"self":[{"href":"https:\/\/streetmarkets.fr\/app\/wp-json\/wp\/v2\/product\/839578"}],"collection":[{"href":"https:\/\/streetmarkets.fr\/app\/wp-json\/wp\/v2\/product"}],"about":[{"href":"https:\/\/streetmarkets.fr\/app\/wp-json\/wp\/v2\/types\/product"}],"replies":[{"embeddable":true,"href":"https:\/\/streetmarkets.fr\/app\/wp-json\/wp\/v2\/comments?post=839578"}],"wp:featuredmedia":[{"embeddable":true,"href":"https:\/\/streetmarkets.fr\/app\/wp-json\/wp\/v2\/media\/839579"}],"wp:attachment":[{"href":"https:\/\/streetmarkets.fr\/app\/wp-json\/wp\/v2\/media?parent=839578"}],"wp:term":[{"taxonomy":"product_brand","embeddable":true,"href":"https:\/\/streetmarkets.fr\/app\/wp-json\/wp\/v2\/product_brand?post=839578"},{"taxonomy":"product_cat","embeddable":true,"href":"https:\/\/streetmarkets.fr\/app\/wp-json\/wp\/v2\/product_cat?post=839578"},{"taxonomy":"product_tag","embeddable":true,"href":"https:\/\/streetmarkets.fr\/app\/wp-json\/wp\/v2\/product_tag?post=839578"}],"curies":[{"name":"wp","href":"https:\/\/api.w.org\/{rel}","templated":true}]}}