{"id":839568,"date":"2024-11-16T00:52:08","date_gmt":"2024-11-15T23:52:08","guid":{"rendered":"https:\/\/streetmarkets.fr\/app\/produit\/pochette-botanical-en-velours-imprime\/"},"modified":"2026-05-06T01:43:50","modified_gmt":"2026-05-05T23:43:50","slug":"pochette-botanical-en-velours-imprime","status":"publish","type":"product","link":"https:\/\/streetmarkets.fr\/app\/produit\/pochette-botanical-en-velours-imprime\/","title":{"rendered":"Pochette &#8220;Botanical&#8221; en velours imprim\u00e9"},"content":{"rendered":"<ul>\n<li>pochette imprim\u00e9e en <b>velours<\/b>\n<\/li>\n<li>100 % <strong>coton<\/strong>\n<\/li>\n<li>int\u00e9rieur <strong>satin\u00e9<\/strong> en polyester <strong>recycl\u00e9\u00a0<\/strong>\n<\/li>\n<li>motif fleurs et\/ou oiseau (<b>attention<\/b>, selon la coupe du tissu, le dessin peut \u00eatre diff\u00e9rent de celui sur la photo)<\/li>\n<li>petit compartiment ext\u00e9rieur ferm\u00e9 par un zip<\/li>\n<li>17 cm x 12 cm<\/li>\n<li>r\u00e9alis\u00e9 au Vietnam par un atelier de <strong>commerce \u00e9quitable<\/strong> labellis\u00e9 <strong>WFTO<\/strong> (<strong>World Fairtrade Organization<\/strong>)<\/li>\n<li>marque \u00e9thique <strong>Earth Squared Ltd <\/strong>(membre de la<strong>\u00a0<span>British Association of Fair Trade Shops and Suppliers : BAFTS)<\/span>\u00a0<\/strong>\n<\/li>\n<\/ul>\n","protected":false},"excerpt":{"rendered":"<p>pochette imprim\u00e9e en velours 100 % coton int\u00e9rieur satin\u00e9 en polyester recycl\u00e9\u00a0 motif fleurs et\/ou oiseau (attention, selon la coupe du tissu, le dessin peut \u00eatre diff\u00e9rent de celui sur la photo) petit compartiment ext\u00e9rieur ferm\u00e9 par un zip 17 cm x 12 cm r\u00e9alis\u00e9 au Vietnam par un atelier de commerce \u00e9quitable labellis\u00e9 WFTO [&hellip;]<\/p>\n","protected":false},"featured_media":839569,"comment_status":"open","ping_status":"closed","template":"","meta":[],"product_brand":[],"product_cat":[1756,1764],"product_tag":[1810,1813],"acf":[],"_links":{"self":[{"href":"https:\/\/streetmarkets.fr\/app\/wp-json\/wp\/v2\/product\/839568"}],"collection":[{"href":"https:\/\/streetmarkets.fr\/app\/wp-json\/wp\/v2\/product"}],"about":[{"href":"https:\/\/streetmarkets.fr\/app\/wp-json\/wp\/v2\/types\/product"}],"replies":[{"embeddable":true,"href":"https:\/\/streetmarkets.fr\/app\/wp-json\/wp\/v2\/comments?post=839568"}],"wp:featuredmedia":[{"embeddable":true,"href":"https:\/\/streetmarkets.fr\/app\/wp-json\/wp\/v2\/media\/839569"}],"wp:attachment":[{"href":"https:\/\/streetmarkets.fr\/app\/wp-json\/wp\/v2\/media?parent=839568"}],"wp:term":[{"taxonomy":"product_brand","embeddable":true,"href":"https:\/\/streetmarkets.fr\/app\/wp-json\/wp\/v2\/product_brand?post=839568"},{"taxonomy":"product_cat","embeddable":true,"href":"https:\/\/streetmarkets.fr\/app\/wp-json\/wp\/v2\/product_cat?post=839568"},{"taxonomy":"product_tag","embeddable":true,"href":"https:\/\/streetmarkets.fr\/app\/wp-json\/wp\/v2\/product_tag?post=839568"}],"curies":[{"name":"wp","href":"https:\/\/api.w.org\/{rel}","templated":true}]}}