{"id":837797,"date":"2024-11-15T01:05:43","date_gmt":"2024-11-15T00:05:43","guid":{"rendered":"https:\/\/streetmarkets.fr\/app\/produit\/chaussettes-hautes-h24-accessoires-beige-chine\/"},"modified":"2025-03-05T01:01:04","modified_gmt":"2025-03-05T00:01:04","slug":"chaussettes-hautes-h24-accessoires-beige-chine","status":"publish","type":"product","link":"https:\/\/streetmarkets.fr\/app\/produit\/chaussettes-hautes-h24-accessoires-beige-chine\/","title":{"rendered":"Chaussettes Hautes (H24 \/ ACCESSOIRES \/ Beige Chin\u00e9)"},"content":{"rendered":"<p><!--td {border: 1px solid #cccccc;}br {mso-data-placement:same-cell;}--><\/p>\n<p><span data-sheets-root=\"1\">Confectionn\u00e9 en cachemire, ces chaussettes hautes et c\u00f4tel\u00e9es r\u00e9v\u00e8lent une broderie signature sur le haut. Accessoires indispensables du vestiaire From Future, elles compl\u00e8teront vos silhouettes casual avec style et audace.<\/p>\n<p>&#8211; Chaussettes hautes en cachemire certifi\u00e9 GCS\u00ae<br \/>&#8211; Broderie &#8220;FF&#8221;<br \/>&#8211; C\u00f4tel\u00e9es<br \/>&#8211; Ajust\u00e9es aux chevilles <br \/>&#8211; Coupe regular<br \/>&#8211; Le Good Cashmere Standard\u00ae (GCS) est une norme ind\u00e9pendante pour un cachemire plus durable et plus responsable. Il vise \u00e0 am\u00e9liorer le bien-\u00eatre des ch\u00e8vres cachemire, les conditions de travail des \u00e9leveurs ainsi qu&#8217;\u00e0 prot\u00e9ger l&#8217;environnement.<\/span><\/p>\n","protected":false},"excerpt":{"rendered":"<p>Confectionn\u00e9 en cachemire, ces chaussettes hautes et c\u00f4tel\u00e9es r\u00e9v\u00e8lent une broderie signature sur le haut. Accessoires indispensables du vestiaire From Future, elles compl\u00e8teront vos silhouettes casual avec style et audace. &#8211; Chaussettes hautes en cachemire certifi\u00e9 GCS\u00ae&#8211; Broderie &#8220;FF&#8221;&#8211; C\u00f4tel\u00e9es&#8211; Ajust\u00e9es aux chevilles &#8211; Coupe regular&#8211; Le Good Cashmere Standard\u00ae (GCS) est une norme ind\u00e9pendante [&hellip;]<\/p>\n","protected":false},"featured_media":837798,"comment_status":"open","ping_status":"closed","template":"","meta":[],"product_brand":[6868],"product_cat":[1756,1764,1760],"product_tag":[2244],"acf":[],"_links":{"self":[{"href":"https:\/\/streetmarkets.fr\/app\/wp-json\/wp\/v2\/product\/837797"}],"collection":[{"href":"https:\/\/streetmarkets.fr\/app\/wp-json\/wp\/v2\/product"}],"about":[{"href":"https:\/\/streetmarkets.fr\/app\/wp-json\/wp\/v2\/types\/product"}],"replies":[{"embeddable":true,"href":"https:\/\/streetmarkets.fr\/app\/wp-json\/wp\/v2\/comments?post=837797"}],"wp:featuredmedia":[{"embeddable":true,"href":"https:\/\/streetmarkets.fr\/app\/wp-json\/wp\/v2\/media\/837798"}],"wp:attachment":[{"href":"https:\/\/streetmarkets.fr\/app\/wp-json\/wp\/v2\/media?parent=837797"}],"wp:term":[{"taxonomy":"product_brand","embeddable":true,"href":"https:\/\/streetmarkets.fr\/app\/wp-json\/wp\/v2\/product_brand?post=837797"},{"taxonomy":"product_cat","embeddable":true,"href":"https:\/\/streetmarkets.fr\/app\/wp-json\/wp\/v2\/product_cat?post=837797"},{"taxonomy":"product_tag","embeddable":true,"href":"https:\/\/streetmarkets.fr\/app\/wp-json\/wp\/v2\/product_tag?post=837797"}],"curies":[{"name":"wp","href":"https:\/\/api.w.org\/{rel}","templated":true}]}}