{"id":837414,"date":"2024-11-14T05:44:34","date_gmt":"2024-11-14T04:44:34","guid":{"rendered":"https:\/\/streetmarkets.fr\/app\/produit\/196-straight-new-miles-flex-pants\/"},"modified":"2026-03-16T05:43:25","modified_gmt":"2026-03-16T04:43:25","slug":"196-straight-new-miles-flex-pants","status":"publish","type":"product","link":"https:\/\/streetmarkets.fr\/app\/produit\/196-straight-new-miles-flex-pants\/","title":{"rendered":"196 Straight New Miles Flex Pants"},"content":{"rendered":"<p>Le <strong>Straight New Miles Flex Pant<\/strong>\u00a0de <strong>Selected <\/strong>est le choix id\u00e9al pour ceux qui recherchent un pantalon \u00e0 la fois \u00e9l\u00e9gant et confortable. Disponible en deux couleurs modernes \u2014\u00a0<strong>Greige<\/strong>, <strong>Dark Sapphire ou Vetiver<\/strong> \u2014 ces chinos \u00e0 taille moyenne et <strong>coupe droite<\/strong> sont con\u00e7us pour s\u2019adapter \u00e0 tous les moments de votre quotidien, du bureau au week-end.<\/p>\n<p>Fabriqu\u00e9 \u00e0 partir de <strong>coton biologique<\/strong>, ce mod\u00e8le respecte l&#8217;environnement tout en offrant un <strong>confort optimal<\/strong>. Gr\u00e2ce \u00e0 la technologie <strong>LYCRA\u00ae XTRA LIFE\u2122<\/strong>, ces pantalons conservent leur <strong>forme <\/strong>et leur <strong>confort<\/strong> au fil du temps, m\u00eame apr\u00e8s plusieurs lavages. Le pantalon dispose de<strong> poches lat\u00e9rales<\/strong> fendues et de poches arri\u00e8re soud\u00e9es avec bouton pour une touche pratique et styl\u00e9e.<\/p>\n<p>Avec une longueur cheville moderne et une <strong>coupe droite<\/strong>, les <strong>Straight New Miles Flex Pants<\/strong> se portent aussi bien avec une chemise pour le travail qu&#8217;avec un pull en tricot pour un look plus d\u00e9contract\u00e9 le week-end. Il est disponible d\u00e8s maintenant dans notre boutique <strong>Harold<\/strong>, sp\u00e9cialiste de la <strong>mode pour homme<\/strong> \u00e0 Paris.<\/p>\n","protected":false},"excerpt":{"rendered":"<p>Le Straight New Miles Flex Pant\u00a0de Selected est le choix id\u00e9al pour ceux qui recherchent un pantalon \u00e0 la fois \u00e9l\u00e9gant et confortable. Disponible en deux couleurs modernes \u2014\u00a0Greige, Dark Sapphire ou Vetiver \u2014 ces chinos \u00e0 taille moyenne et coupe droite sont con\u00e7us pour s\u2019adapter \u00e0 tous les moments de votre quotidien, du bureau [&hellip;]<\/p>\n","protected":false},"featured_media":837415,"comment_status":"open","ping_status":"closed","template":"","meta":[],"product_brand":[],"product_cat":[1756,1758],"product_tag":[2244],"acf":[],"_links":{"self":[{"href":"https:\/\/streetmarkets.fr\/app\/wp-json\/wp\/v2\/product\/837414"}],"collection":[{"href":"https:\/\/streetmarkets.fr\/app\/wp-json\/wp\/v2\/product"}],"about":[{"href":"https:\/\/streetmarkets.fr\/app\/wp-json\/wp\/v2\/types\/product"}],"replies":[{"embeddable":true,"href":"https:\/\/streetmarkets.fr\/app\/wp-json\/wp\/v2\/comments?post=837414"}],"wp:featuredmedia":[{"embeddable":true,"href":"https:\/\/streetmarkets.fr\/app\/wp-json\/wp\/v2\/media\/837415"}],"wp:attachment":[{"href":"https:\/\/streetmarkets.fr\/app\/wp-json\/wp\/v2\/media?parent=837414"}],"wp:term":[{"taxonomy":"product_brand","embeddable":true,"href":"https:\/\/streetmarkets.fr\/app\/wp-json\/wp\/v2\/product_brand?post=837414"},{"taxonomy":"product_cat","embeddable":true,"href":"https:\/\/streetmarkets.fr\/app\/wp-json\/wp\/v2\/product_cat?post=837414"},{"taxonomy":"product_tag","embeddable":true,"href":"https:\/\/streetmarkets.fr\/app\/wp-json\/wp\/v2\/product_tag?post=837414"}],"curies":[{"name":"wp","href":"https:\/\/api.w.org\/{rel}","templated":true}]}}