{"id":837257,"date":"2024-11-14T05:44:14","date_gmt":"2024-11-14T04:44:14","guid":{"rendered":"https:\/\/streetmarkets.fr\/app\/produit\/kaleb-structure-overshirt\/"},"modified":"2026-03-16T05:43:24","modified_gmt":"2026-03-16T04:43:24","slug":"kaleb-structure-overshirt","status":"publish","type":"product","link":"https:\/\/streetmarkets.fr\/app\/produit\/kaleb-structure-overshirt\/","title":{"rendered":"Kaleb Structure Overshirt"},"content":{"rendered":"<p><!--td {border: 1px solid #cccccc;}br {mso-data-placement:same-cell;}--><\/p>\n<p><span data-sheets-root=\"1\">La <strong>surchemise Kaleb Structure<\/strong> de la marque <strong>Les Deux<\/strong> est une pi\u00e8ce d\u00e9contract\u00e9e au style rustique, id\u00e9ale pour ajouter une <strong>dimension unique<\/strong> \u00e0 vos tenues, en superposant les couches. <\/p>\n<p>Confectionn\u00e9e dans un <strong>tissu \u00e0 tissage l\u00e2che<\/strong>, elle offre une <strong>texture structur\u00e9e<\/strong> qui apporte de la profondeur et de la personnalit\u00e9 \u00e0 votre look. Compos\u00e9e de 83 % de coton, 14 % de polyester et de 3 % d&#8217;autres fibres, cette surchemise allie <strong>confort et robustesse<\/strong>. <\/p>\n<p>Elle se distingue par sa <strong>poche plaqu\u00e9e<\/strong> sur la poitrine et son empi\u00e8cement non pliss\u00e9, qui lui conf\u00e8rent un <strong>style moderne<\/strong>. Son col classique et sa coupe droite r\u00e9guli\u00e8re permettent un ajustement parfait pour une <strong>silhouette soign\u00e9e<\/strong>. Disponible en coloris Ivory dans votre boutique parisienne pour homme <strong>Harold<\/strong>, la <strong>surchemise Kaleb Structure<\/strong> est une pi\u00e8ce incontournable pour un style \u00e0 la fois d\u00e9contract\u00e9 et raffin\u00e9.<\/span><\/p>\n","protected":false},"excerpt":{"rendered":"<p>La surchemise Kaleb Structure de la marque Les Deux est une pi\u00e8ce d\u00e9contract\u00e9e au style rustique, id\u00e9ale pour ajouter une dimension unique \u00e0 vos tenues, en superposant les couches. Confectionn\u00e9e dans un tissu \u00e0 tissage l\u00e2che, elle offre une texture structur\u00e9e qui apporte de la profondeur et de la personnalit\u00e9 \u00e0 votre look. Compos\u00e9e de [&hellip;]<\/p>\n","protected":false},"featured_media":837258,"comment_status":"open","ping_status":"closed","template":"","meta":[],"product_brand":[],"product_cat":[1756,1758],"product_tag":[2244],"acf":[],"_links":{"self":[{"href":"https:\/\/streetmarkets.fr\/app\/wp-json\/wp\/v2\/product\/837257"}],"collection":[{"href":"https:\/\/streetmarkets.fr\/app\/wp-json\/wp\/v2\/product"}],"about":[{"href":"https:\/\/streetmarkets.fr\/app\/wp-json\/wp\/v2\/types\/product"}],"replies":[{"embeddable":true,"href":"https:\/\/streetmarkets.fr\/app\/wp-json\/wp\/v2\/comments?post=837257"}],"wp:featuredmedia":[{"embeddable":true,"href":"https:\/\/streetmarkets.fr\/app\/wp-json\/wp\/v2\/media\/837258"}],"wp:attachment":[{"href":"https:\/\/streetmarkets.fr\/app\/wp-json\/wp\/v2\/media?parent=837257"}],"wp:term":[{"taxonomy":"product_brand","embeddable":true,"href":"https:\/\/streetmarkets.fr\/app\/wp-json\/wp\/v2\/product_brand?post=837257"},{"taxonomy":"product_cat","embeddable":true,"href":"https:\/\/streetmarkets.fr\/app\/wp-json\/wp\/v2\/product_cat?post=837257"},{"taxonomy":"product_tag","embeddable":true,"href":"https:\/\/streetmarkets.fr\/app\/wp-json\/wp\/v2\/product_tag?post=837257"}],"curies":[{"name":"wp","href":"https:\/\/api.w.org\/{rel}","templated":true}]}}