{"id":837247,"date":"2024-11-14T05:44:13","date_gmt":"2024-11-14T04:44:13","guid":{"rendered":"https:\/\/streetmarkets.fr\/app\/produit\/kody-aop-pants\/"},"modified":"2026-03-16T05:43:24","modified_gmt":"2026-03-16T04:43:24","slug":"kody-aop-pants","status":"publish","type":"product","link":"https:\/\/streetmarkets.fr\/app\/produit\/kody-aop-pants\/","title":{"rendered":"Kody AOP Pants"},"content":{"rendered":"<p>Le pantalon <strong>Kody AOP Pant<\/strong> apporte une touche <strong>originale <\/strong>et pleine <strong>audace <\/strong>\u00e0 votre vestiaire. Confectionn\u00e9 en\u00a0<strong>velours c\u00f4tel\u00e9 100% coton<\/strong>, il se d\u00e9marque par son<strong> imprim\u00e9 papier peint\/paisley<\/strong> qui ajoute une dimension unique \u00e0 ce mod\u00e8le. Le velours c\u00f4tel\u00e9 moyen (7 rail) assure une <strong>texture agr\u00e9able<\/strong> et un confort durable.<\/p>\n<p>Avec sa <strong>coupe d\u00e9contract\u00e9e<\/strong> et son e<strong>ntrejambe basse<\/strong>, ce pantalon offre une <strong>silhouette moderne<\/strong> et un maximum de <strong>libert\u00e9 de mouvement<\/strong>. La fermeture \u00e9clair et le bouton garantisse un ajustement s\u00e9curis\u00e9, tandis que l&#8217;<strong>imprim\u00e9 sophistiqu\u00e9<\/strong> vous permet de vous<strong> d\u00e9marquer avec style<\/strong>.<\/p>\n<p>Id\u00e9al pour ceux qui cherchent \u00e0 apporter une <strong>touche diff\u00e9rente<\/strong> \u00e0 leur look tout en restant \u00e0 l&#8217;aise, le <strong>pantalon Kody AOP<\/strong> est l&#8217;\u00e9l\u00e9ment phare \u00e0 adopter cette saison. Vous pouvez m\u00eame l&#8217;associ\u00e9 \u00e0 la surchemise originale <strong>Layton AOP Overshirt <\/strong>pour un full look hors normes. Disponible d\u00e8s maintenant dans notre <strong>boutique mode homme Harold<\/strong>, \u00e0 Paris.<\/p>\n","protected":false},"excerpt":{"rendered":"<p>Le pantalon Kody AOP Pant apporte une touche originale et pleine audace \u00e0 votre vestiaire. Confectionn\u00e9 en\u00a0velours c\u00f4tel\u00e9 100% coton, il se d\u00e9marque par son imprim\u00e9 papier peint\/paisley qui ajoute une dimension unique \u00e0 ce mod\u00e8le. Le velours c\u00f4tel\u00e9 moyen (7 rail) assure une texture agr\u00e9able et un confort durable. Avec sa coupe d\u00e9contract\u00e9e et [&hellip;]<\/p>\n","protected":false},"featured_media":837248,"comment_status":"open","ping_status":"closed","template":"","meta":[],"product_brand":[],"product_cat":[1756,1758],"product_tag":[2244],"acf":[],"_links":{"self":[{"href":"https:\/\/streetmarkets.fr\/app\/wp-json\/wp\/v2\/product\/837247"}],"collection":[{"href":"https:\/\/streetmarkets.fr\/app\/wp-json\/wp\/v2\/product"}],"about":[{"href":"https:\/\/streetmarkets.fr\/app\/wp-json\/wp\/v2\/types\/product"}],"replies":[{"embeddable":true,"href":"https:\/\/streetmarkets.fr\/app\/wp-json\/wp\/v2\/comments?post=837247"}],"wp:featuredmedia":[{"embeddable":true,"href":"https:\/\/streetmarkets.fr\/app\/wp-json\/wp\/v2\/media\/837248"}],"wp:attachment":[{"href":"https:\/\/streetmarkets.fr\/app\/wp-json\/wp\/v2\/media?parent=837247"}],"wp:term":[{"taxonomy":"product_brand","embeddable":true,"href":"https:\/\/streetmarkets.fr\/app\/wp-json\/wp\/v2\/product_brand?post=837247"},{"taxonomy":"product_cat","embeddable":true,"href":"https:\/\/streetmarkets.fr\/app\/wp-json\/wp\/v2\/product_cat?post=837247"},{"taxonomy":"product_tag","embeddable":true,"href":"https:\/\/streetmarkets.fr\/app\/wp-json\/wp\/v2\/product_tag?post=837247"}],"curies":[{"name":"wp","href":"https:\/\/api.w.org\/{rel}","templated":true}]}}