{"id":824184,"date":"2024-11-14T00:39:49","date_gmt":"2024-11-13T23:39:49","guid":{"rendered":"https:\/\/streetmarkets.fr\/app\/produit\/coffret-chaussettes-paillettes-zebre-marron-dore\/"},"modified":"2025-03-24T00:38:47","modified_gmt":"2025-03-23T23:38:47","slug":"coffret-chaussettes-paillettes-zebre-marron-dore","status":"publish","type":"product","link":"https:\/\/streetmarkets.fr\/app\/produit\/coffret-chaussettes-paillettes-zebre-marron-dore\/","title":{"rendered":"Coffret Chaussettes Paillettes Zebre Marron Dor\u00e9"},"content":{"rendered":"<p>Ce coffret de chaussettes ODAJE contient 3 paires de chaussettes (taille unique) :<\/p>\n<p>&#8211; 1 paire beige paillet\u00e9<\/p>\n<p>&#8211; 1 paire z\u00e8bre<\/p>\n<p>&#8211; 1 paire marron paillet\u00e9<\/p>\n<p><strong>Composition :<\/strong><span>\u00a0<\/span><\/p>\n<p>Chaussettes Glitters : 41% polyester, 27% acrylique, 18% polyamide, 6% laine, 5% fibres glitters, 3% \u00e9lasthanne<\/p>\n<p>Chaussettes Z\u00e8bre : <span>73% coton biologique, 24% polyester, 3% \u00e9lasthanne<\/span><\/p>\n","protected":false},"excerpt":{"rendered":"<p>Ce coffret de chaussettes ODAJE contient 3 paires de chaussettes (taille unique) : &#8211; 1 paire beige paillet\u00e9 &#8211; 1 paire z\u00e8bre &#8211; 1 paire marron paillet\u00e9 Composition :\u00a0 Chaussettes Glitters : 41% polyester, 27% acrylique, 18% polyamide, 6% laine, 5% fibres glitters, 3% \u00e9lasthanne Chaussettes Z\u00e8bre : 73% coton biologique, 24% polyester, 3% \u00e9lasthanne<\/p>\n","protected":false},"featured_media":824185,"comment_status":"open","ping_status":"closed","template":"","meta":[],"product_brand":[],"product_cat":[1756,1764],"product_tag":[1810],"acf":[],"_links":{"self":[{"href":"https:\/\/streetmarkets.fr\/app\/wp-json\/wp\/v2\/product\/824184"}],"collection":[{"href":"https:\/\/streetmarkets.fr\/app\/wp-json\/wp\/v2\/product"}],"about":[{"href":"https:\/\/streetmarkets.fr\/app\/wp-json\/wp\/v2\/types\/product"}],"replies":[{"embeddable":true,"href":"https:\/\/streetmarkets.fr\/app\/wp-json\/wp\/v2\/comments?post=824184"}],"wp:featuredmedia":[{"embeddable":true,"href":"https:\/\/streetmarkets.fr\/app\/wp-json\/wp\/v2\/media\/824185"}],"wp:attachment":[{"href":"https:\/\/streetmarkets.fr\/app\/wp-json\/wp\/v2\/media?parent=824184"}],"wp:term":[{"taxonomy":"product_brand","embeddable":true,"href":"https:\/\/streetmarkets.fr\/app\/wp-json\/wp\/v2\/product_brand?post=824184"},{"taxonomy":"product_cat","embeddable":true,"href":"https:\/\/streetmarkets.fr\/app\/wp-json\/wp\/v2\/product_cat?post=824184"},{"taxonomy":"product_tag","embeddable":true,"href":"https:\/\/streetmarkets.fr\/app\/wp-json\/wp\/v2\/product_tag?post=824184"}],"curies":[{"name":"wp","href":"https:\/\/api.w.org\/{rel}","templated":true}]}}