{"id":823723,"date":"2024-11-13T03:03:54","date_gmt":"2024-11-13T02:03:54","guid":{"rendered":"https:\/\/streetmarkets.fr\/app\/produit\/hexensalbe\/"},"modified":"2026-04-12T03:50:49","modified_gmt":"2026-04-12T01:50:49","slug":"hexensalbe","status":"publish","type":"product","link":"https:\/\/streetmarkets.fr\/app\/produit\/hexensalbe\/","title":{"rendered":"Hexensalbe"},"content":{"rendered":"<p>\u00ab En fouillant le placard de la dame, ils trouv\u00e8rent une pipe d&#8217;oyntement, avec laquelle elle graissait un b\u00e2ton, sur lequel elle se promenait et galopait contre vents et mar\u00e9es, quand et de la mani\u00e8re qu&#8217;elle indiquait \u00bb- Proc\u00e9dure contre Dame Alice Kyteler, poursuivie pour sorcellerie, 1324<br \/>L&#8217;hexensalbe, \u00e9galement connu sous le nom d&#8217;onguent volant des sorci\u00e8res, \u00e9tait une pommade hallucinog\u00e8ne utilis\u00e9e en sorcellerie au Moyen-\u00c2ge. Il s&#8217;agissait d&#8217;un m\u00e9lange d&#8217;ingr\u00e9dients extr\u00eamement toxiques.<br \/>La drogue provoquait une transe extatique avec de fortes sensations de vol, des images de cr\u00e9atures d&#8217;un autre monde et une faim sexuelle primitive. Ces hallucinations sont au c\u0153ur de la mythologie des sorci\u00e8res, qui se rendent au sabbat de Bl\u00e5kulla ou de Brocken pour se livrer \u00e0 des rites impies avec le diable et d&#8217;autres sorci\u00e8res.<br \/>L&#8217;image des sorci\u00e8res volant remonte donc \u00e0 l&#8217;utilisation de l&#8217;hexensalbe, mais pourquoi sur un balai ? L&#8217;onguent \u00e9tait si toxique que le manger aurait \u00e9t\u00e9 directement fatal. Il \u00e9tait donc appliqu\u00e9 sur d&#8217;autres membranes molles du corps, les aisselles et, plus commun\u00e9ment, les organes g\u00e9nitaux. En raison des effets \u00e9rotiques de la d\u00e9fonce, la pommade \u00e9tait souvent appliqu\u00e9e directement sur un objet phallique, comme l&#8217;extr\u00e9mit\u00e9 d&#8217;un b\u00e2ton ou d&#8217;un manche \u00e0 balai. Ainsi, la sorci\u00e8re ne montait pas sur le manche \u00e0 balai comme nous l&#8217;imaginons aujourd&#8217;hui. Elle l&#8217;a vraiment &#8211; chevauch\u00e9.<br \/>Compte tenu des aspects de l&#8217;histoire de l&#8217;hexensalbe qui ont surv\u00e9cu dans l&#8217;image moderne des sorci\u00e8res, et de ce qui a \u00e9t\u00e9 supprim\u00e9, il semblerait que la seule chose plus terrifiante que les sorci\u00e8res ou les d\u00e9mons soit la sexualit\u00e9 f\u00e9minine.<\/p>\n<p>Contenance : 30ml<\/p>\n<p><span data-mce-fragment=\"1\">Fabriqu\u00e9\u00a0en Su\u00e8de\u00a0<\/span><\/p>\n<p>73157821<\/p>\n","protected":false},"excerpt":{"rendered":"<p>\u00ab En fouillant le placard de la dame, ils trouv\u00e8rent une pipe d&#8217;oyntement, avec laquelle elle graissait un b\u00e2ton, sur lequel elle se promenait et galopait contre vents et mar\u00e9es, quand et de la mani\u00e8re qu&#8217;elle indiquait \u00bb- Proc\u00e9dure contre Dame Alice Kyteler, poursuivie pour sorcellerie, 1324L&#8217;hexensalbe, \u00e9galement connu sous le nom d&#8217;onguent volant des [&hellip;]<\/p>\n","protected":false},"featured_media":823724,"comment_status":"open","ping_status":"closed","template":"","meta":[],"product_brand":[],"product_cat":[1756,1764,1760],"product_tag":[2244],"acf":[],"_links":{"self":[{"href":"https:\/\/streetmarkets.fr\/app\/wp-json\/wp\/v2\/product\/823723"}],"collection":[{"href":"https:\/\/streetmarkets.fr\/app\/wp-json\/wp\/v2\/product"}],"about":[{"href":"https:\/\/streetmarkets.fr\/app\/wp-json\/wp\/v2\/types\/product"}],"replies":[{"embeddable":true,"href":"https:\/\/streetmarkets.fr\/app\/wp-json\/wp\/v2\/comments?post=823723"}],"wp:featuredmedia":[{"embeddable":true,"href":"https:\/\/streetmarkets.fr\/app\/wp-json\/wp\/v2\/media\/823724"}],"wp:attachment":[{"href":"https:\/\/streetmarkets.fr\/app\/wp-json\/wp\/v2\/media?parent=823723"}],"wp:term":[{"taxonomy":"product_brand","embeddable":true,"href":"https:\/\/streetmarkets.fr\/app\/wp-json\/wp\/v2\/product_brand?post=823723"},{"taxonomy":"product_cat","embeddable":true,"href":"https:\/\/streetmarkets.fr\/app\/wp-json\/wp\/v2\/product_cat?post=823723"},{"taxonomy":"product_tag","embeddable":true,"href":"https:\/\/streetmarkets.fr\/app\/wp-json\/wp\/v2\/product_tag?post=823723"}],"curies":[{"name":"wp","href":"https:\/\/api.w.org\/{rel}","templated":true}]}}