{"id":823479,"date":"2024-11-13T01:08:03","date_gmt":"2024-11-13T00:08:03","guid":{"rendered":"https:\/\/streetmarkets.fr\/app\/produit\/sweatshirt-col-rond-from-future-creative-division-h24-homme-washed-black\/"},"modified":"2025-03-10T01:08:46","modified_gmt":"2025-03-10T00:08:46","slug":"sweatshirt-col-rond-from-future-creative-division-h24-homme-washed-black","status":"publish","type":"product","link":"https:\/\/streetmarkets.fr\/app\/produit\/sweatshirt-col-rond-from-future-creative-division-h24-homme-washed-black\/","title":{"rendered":"Sweatshirt Col Rond From Future Creative Division (H24 \/ HOMME \/ Washed Black)"},"content":{"rendered":"<p>Muni d&#8217;un col rond et de manches longues, ce sweatshirt en coton arbore une inscription &#8220;From Future Creation Division&#8221; \u00e0 l&#8217;avant. D\u00e9contract\u00e9 mais toujours avec de l&#8217;allure, il s&#8217;associe au jogging coordonn\u00e9.<\/p>\n<p>&#8211; Sweatshirt en coton Homme<br \/>\n<br \/>&#8211; Inscription &#8220;From Future Creation Division&#8221; \u00e0 l&#8217;avant<br \/>\n<br \/>&#8211; Col rond<br \/>\n<br \/>&#8211; Manches longues<br \/>\n<br \/>&#8211; Coupe regular<\/p>\n","protected":false},"excerpt":{"rendered":"<p>Muni d&#8217;un col rond et de manches longues, ce sweatshirt en coton arbore une inscription &#8220;From Future Creation Division&#8221; \u00e0 l&#8217;avant. D\u00e9contract\u00e9 mais toujours avec de l&#8217;allure, il s&#8217;associe au jogging coordonn\u00e9. &#8211; Sweatshirt en coton Homme &#8211; Inscription &#8220;From Future Creation Division&#8221; \u00e0 l&#8217;avant &#8211; Col rond &#8211; Manches longues &#8211; Coupe regular<\/p>\n","protected":false},"featured_media":823480,"comment_status":"open","ping_status":"closed","template":"","meta":[],"product_brand":[6868],"product_cat":[1756,1758],"product_tag":[2244],"acf":[],"_links":{"self":[{"href":"https:\/\/streetmarkets.fr\/app\/wp-json\/wp\/v2\/product\/823479"}],"collection":[{"href":"https:\/\/streetmarkets.fr\/app\/wp-json\/wp\/v2\/product"}],"about":[{"href":"https:\/\/streetmarkets.fr\/app\/wp-json\/wp\/v2\/types\/product"}],"replies":[{"embeddable":true,"href":"https:\/\/streetmarkets.fr\/app\/wp-json\/wp\/v2\/comments?post=823479"}],"wp:featuredmedia":[{"embeddable":true,"href":"https:\/\/streetmarkets.fr\/app\/wp-json\/wp\/v2\/media\/823480"}],"wp:attachment":[{"href":"https:\/\/streetmarkets.fr\/app\/wp-json\/wp\/v2\/media?parent=823479"}],"wp:term":[{"taxonomy":"product_brand","embeddable":true,"href":"https:\/\/streetmarkets.fr\/app\/wp-json\/wp\/v2\/product_brand?post=823479"},{"taxonomy":"product_cat","embeddable":true,"href":"https:\/\/streetmarkets.fr\/app\/wp-json\/wp\/v2\/product_cat?post=823479"},{"taxonomy":"product_tag","embeddable":true,"href":"https:\/\/streetmarkets.fr\/app\/wp-json\/wp\/v2\/product_tag?post=823479"}],"curies":[{"name":"wp","href":"https:\/\/api.w.org\/{rel}","templated":true}]}}