{"id":823471,"date":"2024-11-13T01:08:01","date_gmt":"2024-11-13T00:08:01","guid":{"rendered":"https:\/\/streetmarkets.fr\/app\/produit\/pull-col-rond-h24-homme-utopic-green-mo\/"},"modified":"2025-03-10T01:08:46","modified_gmt":"2025-03-10T00:08:46","slug":"pull-col-rond-h24-homme-utopic-green-mo","status":"publish","type":"product","link":"https:\/\/streetmarkets.fr\/app\/produit\/pull-col-rond-h24-homme-utopic-green-mo\/","title":{"rendered":"Pull Col Rond (H24 \/ HOMME \/ Utopic Green Mo)"},"content":{"rendered":"<p>Une maille moulin\u00e9e infiniment douce s&#8217;invite sur ce pull confectionn\u00e9 en cachemire. Sa coupe d\u00e9contract\u00e9e, rehauss\u00e9e d&#8217;un col rond et de manches longues, en fait une pi\u00e8ce indispensable pour la saison. Associez-le \u00e0 un jean ample ou un pantalon de tailleur structur\u00e9.<\/p>\n<p>&#8211; Pull en cachemire 12 fils certifi\u00e9 GCS\u00ae Homme <br \/>&#8211; Col rond <br \/>&#8211; Manches longues <br \/>&#8211; Bords c\u00f4tel\u00e9s <br \/>&#8211; Coupe regular <br \/>&#8211; Le Good Cashmere Standard\u00ae (GCS) est une norme ind\u00e9pendante pour un cachemire plus durable et plus responsable. Il vise \u00e0 am\u00e9liorer le bien-\u00eatre des ch\u00e8vres cachemire, les conditions de travail des \u00e9leveurs ainsi qu&#8217;\u00e0 prot\u00e9ger l&#8217;environnement.<\/p>\n","protected":false},"excerpt":{"rendered":"<p>Une maille moulin\u00e9e infiniment douce s&#8217;invite sur ce pull confectionn\u00e9 en cachemire. Sa coupe d\u00e9contract\u00e9e, rehauss\u00e9e d&#8217;un col rond et de manches longues, en fait une pi\u00e8ce indispensable pour la saison. Associez-le \u00e0 un jean ample ou un pantalon de tailleur structur\u00e9. &#8211; Pull en cachemire 12 fils certifi\u00e9 GCS\u00ae Homme &#8211; Col rond &#8211; [&hellip;]<\/p>\n","protected":false},"featured_media":823472,"comment_status":"open","ping_status":"closed","template":"","meta":[],"product_brand":[6868],"product_cat":[1756,1758],"product_tag":[2244],"acf":[],"_links":{"self":[{"href":"https:\/\/streetmarkets.fr\/app\/wp-json\/wp\/v2\/product\/823471"}],"collection":[{"href":"https:\/\/streetmarkets.fr\/app\/wp-json\/wp\/v2\/product"}],"about":[{"href":"https:\/\/streetmarkets.fr\/app\/wp-json\/wp\/v2\/types\/product"}],"replies":[{"embeddable":true,"href":"https:\/\/streetmarkets.fr\/app\/wp-json\/wp\/v2\/comments?post=823471"}],"wp:featuredmedia":[{"embeddable":true,"href":"https:\/\/streetmarkets.fr\/app\/wp-json\/wp\/v2\/media\/823472"}],"wp:attachment":[{"href":"https:\/\/streetmarkets.fr\/app\/wp-json\/wp\/v2\/media?parent=823471"}],"wp:term":[{"taxonomy":"product_brand","embeddable":true,"href":"https:\/\/streetmarkets.fr\/app\/wp-json\/wp\/v2\/product_brand?post=823471"},{"taxonomy":"product_cat","embeddable":true,"href":"https:\/\/streetmarkets.fr\/app\/wp-json\/wp\/v2\/product_cat?post=823471"},{"taxonomy":"product_tag","embeddable":true,"href":"https:\/\/streetmarkets.fr\/app\/wp-json\/wp\/v2\/product_tag?post=823471"}],"curies":[{"name":"wp","href":"https:\/\/api.w.org\/{rel}","templated":true}]}}