{"id":823447,"date":"2024-11-13T01:07:58","date_gmt":"2024-11-13T00:07:58","guid":{"rendered":"https:\/\/streetmarkets.fr\/app\/produit\/chemise-manches-longues-uni-broderie-h24-homme-kaki\/"},"modified":"2025-03-15T01:04:33","modified_gmt":"2025-03-15T00:04:33","slug":"chemise-manches-longues-uni-broderie-h24-homme-kaki","status":"publish","type":"product","link":"https:\/\/streetmarkets.fr\/app\/produit\/chemise-manches-longues-uni-broderie-h24-homme-kaki\/","title":{"rendered":"Chemise Manches Longues Uni Broderie (H24 \/ HOMME \/ Kaki)"},"content":{"rendered":"<p>L&#8217;incontournable chemise en coton est revisit\u00e9e cette saison avec une coupe oversize et un d\u00e9tail signature. Dot\u00e9e d&#8217;une poche poitrine et d&#8217;une fermeture boutonn\u00e9e, elle d\u00e9voile une broderie sur le poignet. Incarnant l&#8217;\u00e9l\u00e9gance d\u00e9contract\u00e9e, mixez-la \u00e0 un t-shirt ample et un pantalon droit.<\/p>\n<p>&#8211; Chemise en coton Homme<br \/>\n<br \/>&#8211; Broderie sur le poignet<br \/>\n<br \/>&#8211; Col chemise<br \/>\n<br \/>&#8211; Poche poitrine<br \/>\n<br \/>&#8211; Manches longues<br \/>\n<br \/>&#8211; Poignets boutonn\u00e9s<br \/>\n<br \/>&#8211; Fermeture boutonn\u00e9e<br \/>\n<br \/>&#8211; Coupe oversize<\/p>\n","protected":false},"excerpt":{"rendered":"<p>L&#8217;incontournable chemise en coton est revisit\u00e9e cette saison avec une coupe oversize et un d\u00e9tail signature. Dot\u00e9e d&#8217;une poche poitrine et d&#8217;une fermeture boutonn\u00e9e, elle d\u00e9voile une broderie sur le poignet. Incarnant l&#8217;\u00e9l\u00e9gance d\u00e9contract\u00e9e, mixez-la \u00e0 un t-shirt ample et un pantalon droit. &#8211; Chemise en coton Homme &#8211; Broderie sur le poignet &#8211; Col [&hellip;]<\/p>\n","protected":false},"featured_media":823448,"comment_status":"open","ping_status":"closed","template":"","meta":[],"product_brand":[6868],"product_cat":[1756,1758],"product_tag":[2244],"acf":[],"_links":{"self":[{"href":"https:\/\/streetmarkets.fr\/app\/wp-json\/wp\/v2\/product\/823447"}],"collection":[{"href":"https:\/\/streetmarkets.fr\/app\/wp-json\/wp\/v2\/product"}],"about":[{"href":"https:\/\/streetmarkets.fr\/app\/wp-json\/wp\/v2\/types\/product"}],"replies":[{"embeddable":true,"href":"https:\/\/streetmarkets.fr\/app\/wp-json\/wp\/v2\/comments?post=823447"}],"wp:featuredmedia":[{"embeddable":true,"href":"https:\/\/streetmarkets.fr\/app\/wp-json\/wp\/v2\/media\/823448"}],"wp:attachment":[{"href":"https:\/\/streetmarkets.fr\/app\/wp-json\/wp\/v2\/media?parent=823447"}],"wp:term":[{"taxonomy":"product_brand","embeddable":true,"href":"https:\/\/streetmarkets.fr\/app\/wp-json\/wp\/v2\/product_brand?post=823447"},{"taxonomy":"product_cat","embeddable":true,"href":"https:\/\/streetmarkets.fr\/app\/wp-json\/wp\/v2\/product_cat?post=823447"},{"taxonomy":"product_tag","embeddable":true,"href":"https:\/\/streetmarkets.fr\/app\/wp-json\/wp\/v2\/product_tag?post=823447"}],"curies":[{"name":"wp","href":"https:\/\/api.w.org\/{rel}","templated":true}]}}