{"id":823099,"date":"2024-11-12T07:42:53","date_gmt":"2024-11-12T06:42:53","guid":{"rendered":"https:\/\/streetmarkets.fr\/app\/produit\/bracelet-inside-zoisite-hanka-in\/"},"modified":"2026-05-01T08:37:47","modified_gmt":"2026-05-01T06:37:47","slug":"bracelet-inside-zoisite-hanka-in","status":"publish","type":"product","link":"https:\/\/streetmarkets.fr\/app\/produit\/bracelet-inside-zoisite-hanka-in\/","title":{"rendered":"Bracelet inside Zoisite &#8211; Hanka In"},"content":{"rendered":"<p>Bracelet dor\u00e9 \u00e0 l&#8217;or fin compos\u00e9 d&#8217;une pierre octogonale en zoisite incrust\u00e9e d&#8217;un zircon blanc.\u00a0<\/p>\n<p>Longueur : 16 cm et 2 cm de cha\u00eene r\u00e9glable<\/p>\n<p><strong style=\"font-family: -apple-system, BlinkMacSystemFont, 'San Francisco', 'Segoe UI', Roboto, 'Helvetica Neue', sans-serif;font-size: 0.875rem\">Cr\u00e9atrice fran\u00e7aise<\/strong><span style=\"font-family: -apple-system, BlinkMacSystemFont, 'San Francisco', 'Segoe UI', Roboto, 'Helvetica Neue', sans-serif;font-size: 0.875rem\"> Hanka In<\/span><\/p>\n<p>Les mod\u00e8les sont dessin\u00e9s et fabriqu\u00e9s en France.<\/p>\n","protected":false},"excerpt":{"rendered":"<p>Bracelet dor\u00e9 \u00e0 l&#8217;or fin compos\u00e9 d&#8217;une pierre octogonale en zoisite incrust\u00e9e d&#8217;un zircon blanc.\u00a0 Longueur : 16 cm et 2 cm de cha\u00eene r\u00e9glable Cr\u00e9atrice fran\u00e7aise Hanka In Les mod\u00e8les sont dessin\u00e9s et fabriqu\u00e9s en France.<\/p>\n","protected":false},"featured_media":823100,"comment_status":"open","ping_status":"closed","template":"","meta":[],"product_brand":[],"product_cat":[1807,1756],"product_tag":[2244],"acf":[],"_links":{"self":[{"href":"https:\/\/streetmarkets.fr\/app\/wp-json\/wp\/v2\/product\/823099"}],"collection":[{"href":"https:\/\/streetmarkets.fr\/app\/wp-json\/wp\/v2\/product"}],"about":[{"href":"https:\/\/streetmarkets.fr\/app\/wp-json\/wp\/v2\/types\/product"}],"replies":[{"embeddable":true,"href":"https:\/\/streetmarkets.fr\/app\/wp-json\/wp\/v2\/comments?post=823099"}],"wp:featuredmedia":[{"embeddable":true,"href":"https:\/\/streetmarkets.fr\/app\/wp-json\/wp\/v2\/media\/823100"}],"wp:attachment":[{"href":"https:\/\/streetmarkets.fr\/app\/wp-json\/wp\/v2\/media?parent=823099"}],"wp:term":[{"taxonomy":"product_brand","embeddable":true,"href":"https:\/\/streetmarkets.fr\/app\/wp-json\/wp\/v2\/product_brand?post=823099"},{"taxonomy":"product_cat","embeddable":true,"href":"https:\/\/streetmarkets.fr\/app\/wp-json\/wp\/v2\/product_cat?post=823099"},{"taxonomy":"product_tag","embeddable":true,"href":"https:\/\/streetmarkets.fr\/app\/wp-json\/wp\/v2\/product_tag?post=823099"}],"curies":[{"name":"wp","href":"https:\/\/api.w.org\/{rel}","templated":true}]}}