{"id":823086,"date":"2024-11-12T07:42:52","date_gmt":"2024-11-12T06:42:52","guid":{"rendered":"https:\/\/streetmarkets.fr\/app\/produit\/mono-boucle-labradorite-hanka-in\/"},"modified":"2026-05-03T08:38:04","modified_gmt":"2026-05-03T06:38:04","slug":"mono-boucle-labradorite-hanka-in","status":"publish","type":"product","link":"https:\/\/streetmarkets.fr\/app\/produit\/mono-boucle-labradorite-hanka-in\/","title":{"rendered":"Mono boucle inside labradorite &#8211; Hanka In"},"content":{"rendered":"<p>Nouvelle version de la mono boucle octogonale en pierre semi pr\u00e9cieuse labradorite avec en son centre un zircon blanc.<\/p>\n<p>Caract\u00e9ristiques : Vendue \u00e0 l&#8217;unit\u00e9 ou \u00e0 la paire ( En s\u00e9lectionner 2 si vous souhaitez la paire\u00b0.\u00a0<\/p>\n<p>Longueur : 2,5 cm<\/p>\n<p><strong>Cr\u00e9atrice fran\u00e7aise<\/strong>, les bijoux sont confectionn\u00e9s en atelier parisien.<\/p>\n","protected":false},"excerpt":{"rendered":"<p>Nouvelle version de la mono boucle octogonale en pierre semi pr\u00e9cieuse labradorite avec en son centre un zircon blanc. Caract\u00e9ristiques : Vendue \u00e0 l&#8217;unit\u00e9 ou \u00e0 la paire ( En s\u00e9lectionner 2 si vous souhaitez la paire\u00b0.\u00a0 Longueur : 2,5 cm Cr\u00e9atrice fran\u00e7aise, les bijoux sont confectionn\u00e9s en atelier parisien.<\/p>\n","protected":false},"featured_media":823087,"comment_status":"open","ping_status":"closed","template":"","meta":[],"product_brand":[],"product_cat":[1807,1756],"product_tag":[2244],"acf":[],"_links":{"self":[{"href":"https:\/\/streetmarkets.fr\/app\/wp-json\/wp\/v2\/product\/823086"}],"collection":[{"href":"https:\/\/streetmarkets.fr\/app\/wp-json\/wp\/v2\/product"}],"about":[{"href":"https:\/\/streetmarkets.fr\/app\/wp-json\/wp\/v2\/types\/product"}],"replies":[{"embeddable":true,"href":"https:\/\/streetmarkets.fr\/app\/wp-json\/wp\/v2\/comments?post=823086"}],"wp:featuredmedia":[{"embeddable":true,"href":"https:\/\/streetmarkets.fr\/app\/wp-json\/wp\/v2\/media\/823087"}],"wp:attachment":[{"href":"https:\/\/streetmarkets.fr\/app\/wp-json\/wp\/v2\/media?parent=823086"}],"wp:term":[{"taxonomy":"product_brand","embeddable":true,"href":"https:\/\/streetmarkets.fr\/app\/wp-json\/wp\/v2\/product_brand?post=823086"},{"taxonomy":"product_cat","embeddable":true,"href":"https:\/\/streetmarkets.fr\/app\/wp-json\/wp\/v2\/product_cat?post=823086"},{"taxonomy":"product_tag","embeddable":true,"href":"https:\/\/streetmarkets.fr\/app\/wp-json\/wp\/v2\/product_tag?post=823086"}],"curies":[{"name":"wp","href":"https:\/\/api.w.org\/{rel}","templated":true}]}}