{"id":823063,"date":"2024-11-12T07:42:50","date_gmt":"2024-11-12T06:42:50","guid":{"rendered":"https:\/\/streetmarkets.fr\/app\/produit\/mono-boucle-a-lunite-virginie-berman\/"},"modified":"2026-05-12T08:37:54","modified_gmt":"2026-05-12T06:37:54","slug":"mono-boucle-a-lunite-virginie-berman","status":"publish","type":"product","link":"https:\/\/streetmarkets.fr\/app\/produit\/mono-boucle-a-lunite-virginie-berman\/","title":{"rendered":"Mono boucle \u00e0 l&#8217;unit\u00e9 &#8211; Virginie Berman"},"content":{"rendered":"<p data-mce-fragment=\"1\" class=\"p1\">Boucle \u00e0 l&#8217;unit\u00e9 dor\u00e9e \u00e0 l&#8217;or fin, zircons blancs, spinelle noire\u00a0<\/p>\n<p>longueur xx\u00a0<\/p>\n<p>\u00a0<\/p>\n<p data-mce-fragment=\"1\" class=\"p1\"><\/p>\n","protected":false},"excerpt":{"rendered":"<p>Boucle \u00e0 l&#8217;unit\u00e9 dor\u00e9e \u00e0 l&#8217;or fin, zircons blancs, spinelle noire\u00a0 longueur xx\u00a0 \u00a0<\/p>\n","protected":false},"featured_media":823064,"comment_status":"open","ping_status":"closed","template":"","meta":[],"product_brand":[],"product_cat":[1807,1756],"product_tag":[2244],"acf":[],"_links":{"self":[{"href":"https:\/\/streetmarkets.fr\/app\/wp-json\/wp\/v2\/product\/823063"}],"collection":[{"href":"https:\/\/streetmarkets.fr\/app\/wp-json\/wp\/v2\/product"}],"about":[{"href":"https:\/\/streetmarkets.fr\/app\/wp-json\/wp\/v2\/types\/product"}],"replies":[{"embeddable":true,"href":"https:\/\/streetmarkets.fr\/app\/wp-json\/wp\/v2\/comments?post=823063"}],"wp:featuredmedia":[{"embeddable":true,"href":"https:\/\/streetmarkets.fr\/app\/wp-json\/wp\/v2\/media\/823064"}],"wp:attachment":[{"href":"https:\/\/streetmarkets.fr\/app\/wp-json\/wp\/v2\/media?parent=823063"}],"wp:term":[{"taxonomy":"product_brand","embeddable":true,"href":"https:\/\/streetmarkets.fr\/app\/wp-json\/wp\/v2\/product_brand?post=823063"},{"taxonomy":"product_cat","embeddable":true,"href":"https:\/\/streetmarkets.fr\/app\/wp-json\/wp\/v2\/product_cat?post=823063"},{"taxonomy":"product_tag","embeddable":true,"href":"https:\/\/streetmarkets.fr\/app\/wp-json\/wp\/v2\/product_tag?post=823063"}],"curies":[{"name":"wp","href":"https:\/\/api.w.org\/{rel}","templated":true}]}}