{"id":823056,"date":"2024-11-12T07:42:49","date_gmt":"2024-11-12T06:42:49","guid":{"rendered":"https:\/\/streetmarkets.fr\/app\/produit\/robe-en-soie-byrds-blue-black\/"},"modified":"2026-04-28T08:37:58","modified_gmt":"2026-04-28T06:37:58","slug":"robe-en-soie-byrds-blue-black","status":"publish","type":"product","link":"https:\/\/streetmarkets.fr\/app\/produit\/robe-en-soie-byrds-blue-black\/","title":{"rendered":"Robe en soie Byrds &#8211; Blue black"},"content":{"rendered":"<\/p>\n<p data-mce-fragment=\"1\">Robe longue\u00a0en cr\u00eape de soie lav\u00e9e, ample \u00e0 manches longues et fentes sur les cot\u00e9s.\u00a0\u00a0<br data-mce-fragment=\"1\">Hauts poignets fendus et col chemisier<br data-mce-fragment=\"1\">Encolure boutonn\u00e9e et boutons en nacre<\/p>\n<p data-mce-fragment=\"1\">La ceinture amovible est r\u00e9alis\u00e9e dans le tissu.<\/p>\n<p data-mce-fragment=\"1\">Conseil de taille : ce mod\u00e8le taille grand, peut convenir \u00e0 une taille 38\/40<\/p>\n<p data-mce-fragment=\"1\">Toutes les pi\u00e8ces Valentine Gauthier sont r\u00e9alis\u00e9es en s\u00e9ries limit\u00e9es<\/p>\n<p data-mce-fragment=\"1\"><\/p>\n<p data-mce-fragment=\"1\">\u00a0<\/p>\n","protected":false},"excerpt":{"rendered":"<p>Robe longue\u00a0en cr\u00eape de soie lav\u00e9e, ample \u00e0 manches longues et fentes sur les cot\u00e9s.\u00a0\u00a0Hauts poignets fendus et col chemisierEncolure boutonn\u00e9e et boutons en nacre La ceinture amovible est r\u00e9alis\u00e9e dans le tissu. Conseil de taille : ce mod\u00e8le taille grand, peut convenir \u00e0 une taille 38\/40 Toutes les pi\u00e8ces Valentine Gauthier sont r\u00e9alis\u00e9es en [&hellip;]<\/p>\n","protected":false},"featured_media":823057,"comment_status":"open","ping_status":"closed","template":"","meta":[],"product_brand":[],"product_cat":[1756,1762],"product_tag":[2244],"acf":[],"_links":{"self":[{"href":"https:\/\/streetmarkets.fr\/app\/wp-json\/wp\/v2\/product\/823056"}],"collection":[{"href":"https:\/\/streetmarkets.fr\/app\/wp-json\/wp\/v2\/product"}],"about":[{"href":"https:\/\/streetmarkets.fr\/app\/wp-json\/wp\/v2\/types\/product"}],"replies":[{"embeddable":true,"href":"https:\/\/streetmarkets.fr\/app\/wp-json\/wp\/v2\/comments?post=823056"}],"wp:featuredmedia":[{"embeddable":true,"href":"https:\/\/streetmarkets.fr\/app\/wp-json\/wp\/v2\/media\/823057"}],"wp:attachment":[{"href":"https:\/\/streetmarkets.fr\/app\/wp-json\/wp\/v2\/media?parent=823056"}],"wp:term":[{"taxonomy":"product_brand","embeddable":true,"href":"https:\/\/streetmarkets.fr\/app\/wp-json\/wp\/v2\/product_brand?post=823056"},{"taxonomy":"product_cat","embeddable":true,"href":"https:\/\/streetmarkets.fr\/app\/wp-json\/wp\/v2\/product_cat?post=823056"},{"taxonomy":"product_tag","embeddable":true,"href":"https:\/\/streetmarkets.fr\/app\/wp-json\/wp\/v2\/product_tag?post=823056"}],"curies":[{"name":"wp","href":"https:\/\/api.w.org\/{rel}","templated":true}]}}