{"id":822871,"date":"2024-11-12T00:39:31","date_gmt":"2024-11-11T23:39:31","guid":{"rendered":"https:\/\/streetmarkets.fr\/app\/produit\/livre-marc-jacobs\/"},"modified":"2026-04-28T01:39:30","modified_gmt":"2026-04-27T23:39:30","slug":"livre-marc-jacobs","status":"publish","type":"product","link":"https:\/\/streetmarkets.fr\/app\/produit\/livre-marc-jacobs\/","title":{"rendered":"LIVRE MARC JACOBS"},"content":{"rendered":"<p>LIVRE M\u00c9MOIRE DE LA MODE MARC JACOBS PAR BRIDGET FOLEY \u00c9DITIONS ASSOULINE<\/p>\n<p>LANGUE : FRAN\u00c7AIS<\/p>\n<p>CONDITIONS : TR\u00c8S BON \u00c9TAT G\u00c9N\u00c9RAL (COUVERTURE L\u00c9G\u00c8REMENT ABIM\u00c9ES)<\/p>\n","protected":false},"excerpt":{"rendered":"<p>LIVRE M\u00c9MOIRE DE LA MODE MARC JACOBS PAR BRIDGET FOLEY \u00c9DITIONS ASSOULINE LANGUE : FRAN\u00c7AIS CONDITIONS : TR\u00c8S BON \u00c9TAT G\u00c9N\u00c9RAL (COUVERTURE L\u00c9G\u00c8REMENT ABIM\u00c9ES)<\/p>\n","protected":false},"featured_media":0,"comment_status":"open","ping_status":"closed","template":"","meta":[],"product_brand":[],"product_cat":[1756,1760],"product_tag":[2122],"acf":[],"_links":{"self":[{"href":"https:\/\/streetmarkets.fr\/app\/wp-json\/wp\/v2\/product\/822871"}],"collection":[{"href":"https:\/\/streetmarkets.fr\/app\/wp-json\/wp\/v2\/product"}],"about":[{"href":"https:\/\/streetmarkets.fr\/app\/wp-json\/wp\/v2\/types\/product"}],"replies":[{"embeddable":true,"href":"https:\/\/streetmarkets.fr\/app\/wp-json\/wp\/v2\/comments?post=822871"}],"wp:attachment":[{"href":"https:\/\/streetmarkets.fr\/app\/wp-json\/wp\/v2\/media?parent=822871"}],"wp:term":[{"taxonomy":"product_brand","embeddable":true,"href":"https:\/\/streetmarkets.fr\/app\/wp-json\/wp\/v2\/product_brand?post=822871"},{"taxonomy":"product_cat","embeddable":true,"href":"https:\/\/streetmarkets.fr\/app\/wp-json\/wp\/v2\/product_cat?post=822871"},{"taxonomy":"product_tag","embeddable":true,"href":"https:\/\/streetmarkets.fr\/app\/wp-json\/wp\/v2\/product_tag?post=822871"}],"curies":[{"name":"wp","href":"https:\/\/api.w.org\/{rel}","templated":true}]}}