{"id":822869,"date":"2024-11-12T00:39:30","date_gmt":"2024-11-11T23:39:30","guid":{"rendered":"https:\/\/streetmarkets.fr\/app\/produit\/livre-dior-fw04\/"},"modified":"2026-05-08T01:39:29","modified_gmt":"2026-05-07T23:39:29","slug":"livre-dior-fw04","status":"publish","type":"product","link":"https:\/\/streetmarkets.fr\/app\/produit\/livre-dior-fw04\/","title":{"rendered":"LIVRE DIOR FW04"},"content":{"rendered":"<p>CATALOGUE COLLECTION DIOR FALL WINTER 2004<\/p>\n<p>CONDITIONS : BON \u00c9TAT G\u00c9N\u00c9RAL (COINS CORN\u00c9S ET COUVERTURE L\u00c9G\u00c8REMENT ABIM\u00c9ES)<\/p>\n","protected":false},"excerpt":{"rendered":"<p>CATALOGUE COLLECTION DIOR FALL WINTER 2004 CONDITIONS : BON \u00c9TAT G\u00c9N\u00c9RAL (COINS CORN\u00c9S ET COUVERTURE L\u00c9G\u00c8REMENT ABIM\u00c9ES)<\/p>\n","protected":false},"featured_media":0,"comment_status":"open","ping_status":"closed","template":"","meta":[],"product_brand":[],"product_cat":[1756,1760],"product_tag":[2122],"acf":[],"_links":{"self":[{"href":"https:\/\/streetmarkets.fr\/app\/wp-json\/wp\/v2\/product\/822869"}],"collection":[{"href":"https:\/\/streetmarkets.fr\/app\/wp-json\/wp\/v2\/product"}],"about":[{"href":"https:\/\/streetmarkets.fr\/app\/wp-json\/wp\/v2\/types\/product"}],"replies":[{"embeddable":true,"href":"https:\/\/streetmarkets.fr\/app\/wp-json\/wp\/v2\/comments?post=822869"}],"wp:attachment":[{"href":"https:\/\/streetmarkets.fr\/app\/wp-json\/wp\/v2\/media?parent=822869"}],"wp:term":[{"taxonomy":"product_brand","embeddable":true,"href":"https:\/\/streetmarkets.fr\/app\/wp-json\/wp\/v2\/product_brand?post=822869"},{"taxonomy":"product_cat","embeddable":true,"href":"https:\/\/streetmarkets.fr\/app\/wp-json\/wp\/v2\/product_cat?post=822869"},{"taxonomy":"product_tag","embeddable":true,"href":"https:\/\/streetmarkets.fr\/app\/wp-json\/wp\/v2\/product_tag?post=822869"}],"curies":[{"name":"wp","href":"https:\/\/api.w.org\/{rel}","templated":true}]}}