{"id":822867,"date":"2024-11-12T00:39:30","date_gmt":"2024-11-11T23:39:30","guid":{"rendered":"https:\/\/streetmarkets.fr\/app\/produit\/livre-fashion-now\/"},"modified":"2026-05-12T01:39:35","modified_gmt":"2026-05-11T23:39:35","slug":"livre-fashion-now","status":"publish","type":"product","link":"https:\/\/streetmarkets.fr\/app\/produit\/livre-fashion-now\/","title":{"rendered":"LIVRE FASHION NOW 2012"},"content":{"rendered":"<p>LIVRE FASHION NOW PAR TERRY JONES \u00c9DITONS TASCHEN<\/p>\n<p>CONDITIONS : TR\u00c9S BON \u00c9TAT\u00a0<\/p>\n","protected":false},"excerpt":{"rendered":"<p>LIVRE FASHION NOW PAR TERRY JONES \u00c9DITONS TASCHEN CONDITIONS : TR\u00c9S BON \u00c9TAT\u00a0<\/p>\n","protected":false},"featured_media":0,"comment_status":"open","ping_status":"closed","template":"","meta":[],"product_brand":[],"product_cat":[1756,1760],"product_tag":[2122],"acf":[],"_links":{"self":[{"href":"https:\/\/streetmarkets.fr\/app\/wp-json\/wp\/v2\/product\/822867"}],"collection":[{"href":"https:\/\/streetmarkets.fr\/app\/wp-json\/wp\/v2\/product"}],"about":[{"href":"https:\/\/streetmarkets.fr\/app\/wp-json\/wp\/v2\/types\/product"}],"replies":[{"embeddable":true,"href":"https:\/\/streetmarkets.fr\/app\/wp-json\/wp\/v2\/comments?post=822867"}],"wp:attachment":[{"href":"https:\/\/streetmarkets.fr\/app\/wp-json\/wp\/v2\/media?parent=822867"}],"wp:term":[{"taxonomy":"product_brand","embeddable":true,"href":"https:\/\/streetmarkets.fr\/app\/wp-json\/wp\/v2\/product_brand?post=822867"},{"taxonomy":"product_cat","embeddable":true,"href":"https:\/\/streetmarkets.fr\/app\/wp-json\/wp\/v2\/product_cat?post=822867"},{"taxonomy":"product_tag","embeddable":true,"href":"https:\/\/streetmarkets.fr\/app\/wp-json\/wp\/v2\/product_tag?post=822867"}],"curies":[{"name":"wp","href":"https:\/\/api.w.org\/{rel}","templated":true}]}}