{"id":822792,"date":"2024-11-11T01:14:59","date_gmt":"2024-11-11T00:14:59","guid":{"rendered":"https:\/\/streetmarkets.fr\/app\/produit\/nouveau-xirena-pantalon-draper-orchid-ice\/"},"modified":"2026-05-09T02:00:39","modified_gmt":"2026-05-09T00:00:39","slug":"nouveau-xirena-pantalon-draper-orchid-ice","status":"publish","type":"product","link":"https:\/\/streetmarkets.fr\/app\/produit\/nouveau-xirena-pantalon-draper-orchid-ice\/","title":{"rendered":"XIRENA Pantalon Draper Orchid Ice -50%"},"content":{"rendered":"<p class=\"\" data-rte-preserve-empty=\"true\">Pantalon en coton uni, coupe ample et confortable, taille \u00e9lastique et lien \u00e0 nouer, deux poches lat\u00e9rales. \u00c9galement disponible dans la couleur Navy.<\/p>\n<p class=\"\" data-rte-preserve-empty=\"true\">\n<p class=\"\" data-rte-preserve-empty=\"true\">D\u00e9tail : 100% coton<\/p>\n","protected":false},"excerpt":{"rendered":"<p>Pantalon en coton uni, coupe ample et confortable, taille \u00e9lastique et lien \u00e0 nouer, deux poches lat\u00e9rales. \u00c9galement disponible dans la couleur Navy. D\u00e9tail : 100% coton<\/p>\n","protected":false},"featured_media":822793,"comment_status":"open","ping_status":"closed","template":"","meta":[],"product_brand":[],"product_cat":[1756,1762],"product_tag":[2244,1811],"acf":[],"_links":{"self":[{"href":"https:\/\/streetmarkets.fr\/app\/wp-json\/wp\/v2\/product\/822792"}],"collection":[{"href":"https:\/\/streetmarkets.fr\/app\/wp-json\/wp\/v2\/product"}],"about":[{"href":"https:\/\/streetmarkets.fr\/app\/wp-json\/wp\/v2\/types\/product"}],"replies":[{"embeddable":true,"href":"https:\/\/streetmarkets.fr\/app\/wp-json\/wp\/v2\/comments?post=822792"}],"wp:featuredmedia":[{"embeddable":true,"href":"https:\/\/streetmarkets.fr\/app\/wp-json\/wp\/v2\/media\/822793"}],"wp:attachment":[{"href":"https:\/\/streetmarkets.fr\/app\/wp-json\/wp\/v2\/media?parent=822792"}],"wp:term":[{"taxonomy":"product_brand","embeddable":true,"href":"https:\/\/streetmarkets.fr\/app\/wp-json\/wp\/v2\/product_brand?post=822792"},{"taxonomy":"product_cat","embeddable":true,"href":"https:\/\/streetmarkets.fr\/app\/wp-json\/wp\/v2\/product_cat?post=822792"},{"taxonomy":"product_tag","embeddable":true,"href":"https:\/\/streetmarkets.fr\/app\/wp-json\/wp\/v2\/product_tag?post=822792"}],"curies":[{"name":"wp","href":"https:\/\/api.w.org\/{rel}","templated":true}]}}