{"id":822664,"date":"2024-11-11T00:24:54","date_gmt":"2024-11-10T23:24:54","guid":{"rendered":"https:\/\/streetmarkets.fr\/app\/produit\/chaussettes-mixte-violet-rose\/"},"modified":"2026-04-15T01:14:44","modified_gmt":"2026-04-14T23:14:44","slug":"chaussettes-mixte-violet-rose","status":"publish","type":"product","link":"https:\/\/streetmarkets.fr\/app\/produit\/chaussettes-mixte-violet-rose\/","title":{"rendered":"Chaussettes Mixte Violet &amp; Rose"},"content":{"rendered":"<p class=\"p1\"><a title=\"Collection Atelier St Eustache\" href=\"https:\/\/frenchtouche.com\/collections\/atelier-st-eustache\"><span><strong>Collection Atelier St Eustach<\/strong><\/span><\/a><\/p>\n<p class=\"p1\" style=\"text-align: left\"><em>No.1\u00a0\u2022 violet &amp; rose\u00a0|\u00a0D\u00e9grad\u00e9 \u00c9l\u00e9gant et Confort<\/em><\/p>\n<div class=\"group\/conversation-turn relative flex w-full min-w-0 flex-col agent-turn\">\n<div class=\"flex-col gap-1 md:gap-3\">\n<div class=\"flex max-w-full flex-col flex-grow\">\n<div data-message-author-role=\"assistant\" data-message-id=\"ccfd7d23-bde1-42af-afa0-f9f8594dc7a9\" dir=\"auto\" class=\"min-h-[20px] text-message flex w-full flex-col items-end gap-2 whitespace-normal break-words [.text-message+&amp;]:mt-5\">\n<div class=\"flex w-full flex-col gap-1 empty:hidden first:pt-[3px]\">\n<div class=\"markdown prose w-full break-words dark:prose-invert dark\">D\u00e9couvrez les chaussettes c\u00f4tel\u00e9es No.1 \u2022 violet &amp; rose, au d\u00e9grad\u00e9 subtil de violet et rose, alliant douceur et confort. Leur bord-c\u00f4te noir discret et leur design mixte s\u2019adaptent \u00e0 tous les styles !<\/div>\n<\/div>\n<\/div>\n<\/div>\n<\/div>\n<\/div>\n<div style=\"text-align: center\">\n<div style=\"text-align: left\">\n<ul>\n<li>Composition<span>\u00a0<\/span>: 22% coton, 78% polyester<\/li>\n<li>\n <span>Les chaussettes taillent normalement<\/span>\n<\/li>\n<li><span>Si vous chaussez du 40,5 nous vous recommandons de prendre la taille 37\/40<\/span><\/li>\n<li><span>La tige monte \u00e0 19cm pour la petite taille et \u00e0 25cm pour la grande taille<\/span><\/li>\n<li>Conseils d&#8217;entretien : lavable en machine \u00e0 30\u00b0 avec un programme d\u00e9licat et utilisation d&#8217;un pochon <span>recommand\u00e9e<\/span>\n<\/li>\n<li><span>Ne pas mettre au s\u00e8che-linge<\/span><\/li>\n<li>Livr\u00e9es dans leur pochette r\u00e9utilisable et recyclable<\/li>\n<\/ul>\n<\/div>\n<\/div>\n<div style=\"text-align: left\">:: Imagin\u00e9es en France, fabriqu\u00e9es en Italie ::<\/div>\n","protected":false},"excerpt":{"rendered":"<p>Collection Atelier St Eustach No.1\u00a0\u2022 violet &amp; rose\u00a0|\u00a0D\u00e9grad\u00e9 \u00c9l\u00e9gant et Confort D\u00e9couvrez les chaussettes c\u00f4tel\u00e9es No.1 \u2022 violet &amp; rose, au d\u00e9grad\u00e9 subtil de violet et rose, alliant douceur et confort. Leur bord-c\u00f4te noir discret et leur design mixte s\u2019adaptent \u00e0 tous les styles ! Composition\u00a0: 22% coton, 78% polyester Les chaussettes taillent normalement Si [&hellip;]<\/p>\n","protected":false},"featured_media":822665,"comment_status":"open","ping_status":"closed","template":"","meta":[],"product_brand":[],"product_cat":[1756,1764,1760],"product_tag":[2244,1811],"acf":[],"_links":{"self":[{"href":"https:\/\/streetmarkets.fr\/app\/wp-json\/wp\/v2\/product\/822664"}],"collection":[{"href":"https:\/\/streetmarkets.fr\/app\/wp-json\/wp\/v2\/product"}],"about":[{"href":"https:\/\/streetmarkets.fr\/app\/wp-json\/wp\/v2\/types\/product"}],"replies":[{"embeddable":true,"href":"https:\/\/streetmarkets.fr\/app\/wp-json\/wp\/v2\/comments?post=822664"}],"wp:featuredmedia":[{"embeddable":true,"href":"https:\/\/streetmarkets.fr\/app\/wp-json\/wp\/v2\/media\/822665"}],"wp:attachment":[{"href":"https:\/\/streetmarkets.fr\/app\/wp-json\/wp\/v2\/media?parent=822664"}],"wp:term":[{"taxonomy":"product_brand","embeddable":true,"href":"https:\/\/streetmarkets.fr\/app\/wp-json\/wp\/v2\/product_brand?post=822664"},{"taxonomy":"product_cat","embeddable":true,"href":"https:\/\/streetmarkets.fr\/app\/wp-json\/wp\/v2\/product_cat?post=822664"},{"taxonomy":"product_tag","embeddable":true,"href":"https:\/\/streetmarkets.fr\/app\/wp-json\/wp\/v2\/product_tag?post=822664"}],"curies":[{"name":"wp","href":"https:\/\/api.w.org\/{rel}","templated":true}]}}