{"id":822636,"date":"2024-11-11T00:24:51","date_gmt":"2024-11-10T23:24:51","guid":{"rendered":"https:\/\/streetmarkets.fr\/app\/produit\/chaussettes-horseshoe-bend-silver\/"},"modified":"2026-04-11T01:14:53","modified_gmt":"2026-04-10T23:14:53","slug":"chaussettes-horseshoe-bend-silver","status":"publish","type":"product","link":"https:\/\/streetmarkets.fr\/app\/produit\/chaussettes-horseshoe-bend-silver\/","title":{"rendered":"Chaussettes Horseshoe Bend Silver"},"content":{"rendered":"<p class=\"p1\"><a href=\"https:\/\/frenchtouche.com\/collections\/atelier-st-eustache\" title=\"Collection Atelier St Eustache\"><span><strong>Collection Atelier St Eustache<\/strong><\/span><\/a><\/p>\n<div>\n <span>Tout en transparence avec un soup\u00e7on de paillettes, ces chaussettes au style l\u00e9opard offrent un effet tendance \u00e0 votre tenue. C\u00f4t\u00e9 look, ses teintes argent\u00e9es, noires et grises se marient parfaitement avec un pantalon fonc\u00e9 et de beaux mocassins. Le tout, pour un effet wow garanti !<\/span>\n<\/div>\n<div style=\"text-align: center\">\n<div style=\"text-align: left\">\n<ul>\n<li>Composition<span>\u00a0<\/span>: 98% p<span data-mce-fragment=\"1\">olyamide, 2% polyester<\/span>\n<\/li>\n<li>Guide des tailles<span>\u00a0<\/span>: si vous chaussez du 38,5 nous vous recommandons de prendre la taille 39\/41<\/li>\n<li>Conseils d&#8217;entretien : lavable en machine \u00e0 30\u00b0 avec un programme d\u00e9licat et utilisation d&#8217;un pochon <span>recommand\u00e9e<\/span>\n<\/li>\n<li><span>Ne pas mettre au s\u00e8che-linge<\/span><\/li>\n<li>Livr\u00e9es dans leur pochette r\u00e9utilisable et recyclable<\/li>\n<\/ul>\n<\/div>\n<\/div>\n<div style=\"text-align: left\">:: Imagin\u00e9es en France, fabriqu\u00e9es en Italie ::<\/div>\n","protected":false},"excerpt":{"rendered":"<p>Collection Atelier St Eustache Tout en transparence avec un soup\u00e7on de paillettes, ces chaussettes au style l\u00e9opard offrent un effet tendance \u00e0 votre tenue. C\u00f4t\u00e9 look, ses teintes argent\u00e9es, noires et grises se marient parfaitement avec un pantalon fonc\u00e9 et de beaux mocassins. Le tout, pour un effet wow garanti ! Composition\u00a0: 98% polyamide, 2% [&hellip;]<\/p>\n","protected":false},"featured_media":822637,"comment_status":"open","ping_status":"closed","template":"","meta":[],"product_brand":[],"product_cat":[1756,1764],"product_tag":[2244,1811],"acf":[],"_links":{"self":[{"href":"https:\/\/streetmarkets.fr\/app\/wp-json\/wp\/v2\/product\/822636"}],"collection":[{"href":"https:\/\/streetmarkets.fr\/app\/wp-json\/wp\/v2\/product"}],"about":[{"href":"https:\/\/streetmarkets.fr\/app\/wp-json\/wp\/v2\/types\/product"}],"replies":[{"embeddable":true,"href":"https:\/\/streetmarkets.fr\/app\/wp-json\/wp\/v2\/comments?post=822636"}],"wp:featuredmedia":[{"embeddable":true,"href":"https:\/\/streetmarkets.fr\/app\/wp-json\/wp\/v2\/media\/822637"}],"wp:attachment":[{"href":"https:\/\/streetmarkets.fr\/app\/wp-json\/wp\/v2\/media?parent=822636"}],"wp:term":[{"taxonomy":"product_brand","embeddable":true,"href":"https:\/\/streetmarkets.fr\/app\/wp-json\/wp\/v2\/product_brand?post=822636"},{"taxonomy":"product_cat","embeddable":true,"href":"https:\/\/streetmarkets.fr\/app\/wp-json\/wp\/v2\/product_cat?post=822636"},{"taxonomy":"product_tag","embeddable":true,"href":"https:\/\/streetmarkets.fr\/app\/wp-json\/wp\/v2\/product_tag?post=822636"}],"curies":[{"name":"wp","href":"https:\/\/api.w.org\/{rel}","templated":true}]}}