{"id":822562,"date":"2024-11-10T23:57:46","date_gmt":"2024-11-10T22:57:46","guid":{"rendered":"https:\/\/streetmarkets.fr\/app\/produit\/banane-sequin-noir\/"},"modified":"2026-05-06T00:55:50","modified_gmt":"2026-05-05T22:55:50","slug":"banane-sequin-noir","status":"publish","type":"product","link":"https:\/\/streetmarkets.fr\/app\/produit\/banane-sequin-noir\/","title":{"rendered":"Banane sequin &#8211; Noir"},"content":{"rendered":"<p>Banane sequin en provenance d&#8217;une mercerie en France et int\u00e9rieur tissu vintage upcycl\u00e9. Sangle en Nylon. <\/p>\n<p>Fabriqu\u00e9 \u00e0 Caen \u00e0 la main par Rachel. <\/p>\n<p>Dimensions (\u00e0 plat) :<\/p>\n<p>L 36 x H 18cm<\/p>\n<p>LA MARQUE<\/p>\n<p>&#8211; Des cr\u00e9ations coutures vintage\u00a0 &#8211;<\/p>\n<p>Derri\u00e8re Maison Marchel se cache Rachel, une jeune femme aux doigts de f\u00e9e. Elle fabrique de mani\u00e8re artisanale des accessoires mode dont elle donne une seconde vie avec des tissus vintage chin\u00e9s.<\/p>\n","protected":false},"excerpt":{"rendered":"<p>Banane sequin en provenance d&#8217;une mercerie en France et int\u00e9rieur tissu vintage upcycl\u00e9. Sangle en Nylon. Fabriqu\u00e9 \u00e0 Caen \u00e0 la main par Rachel. Dimensions (\u00e0 plat) : L 36 x H 18cm LA MARQUE &#8211; Des cr\u00e9ations coutures vintage\u00a0 &#8211; Derri\u00e8re Maison Marchel se cache Rachel, une jeune femme aux doigts de f\u00e9e. Elle [&hellip;]<\/p>\n","protected":false},"featured_media":822563,"comment_status":"open","ping_status":"closed","template":"","meta":[],"product_brand":[],"product_cat":[1756],"product_tag":[1813],"acf":[],"_links":{"self":[{"href":"https:\/\/streetmarkets.fr\/app\/wp-json\/wp\/v2\/product\/822562"}],"collection":[{"href":"https:\/\/streetmarkets.fr\/app\/wp-json\/wp\/v2\/product"}],"about":[{"href":"https:\/\/streetmarkets.fr\/app\/wp-json\/wp\/v2\/types\/product"}],"replies":[{"embeddable":true,"href":"https:\/\/streetmarkets.fr\/app\/wp-json\/wp\/v2\/comments?post=822562"}],"wp:featuredmedia":[{"embeddable":true,"href":"https:\/\/streetmarkets.fr\/app\/wp-json\/wp\/v2\/media\/822563"}],"wp:attachment":[{"href":"https:\/\/streetmarkets.fr\/app\/wp-json\/wp\/v2\/media?parent=822562"}],"wp:term":[{"taxonomy":"product_brand","embeddable":true,"href":"https:\/\/streetmarkets.fr\/app\/wp-json\/wp\/v2\/product_brand?post=822562"},{"taxonomy":"product_cat","embeddable":true,"href":"https:\/\/streetmarkets.fr\/app\/wp-json\/wp\/v2\/product_cat?post=822562"},{"taxonomy":"product_tag","embeddable":true,"href":"https:\/\/streetmarkets.fr\/app\/wp-json\/wp\/v2\/product_tag?post=822562"}],"curies":[{"name":"wp","href":"https:\/\/api.w.org\/{rel}","templated":true}]}}