{"id":820277,"date":"2024-11-09T01:06:27","date_gmt":"2024-11-09T00:06:27","guid":{"rendered":"https:\/\/streetmarkets.fr\/app\/produit\/xirena-chemise-beau-orchid-ice\/"},"modified":"2025-06-21T02:08:43","modified_gmt":"2025-06-21T00:08:43","slug":"xirena-chemise-beau-orchid-ice","status":"publish","type":"product","link":"https:\/\/streetmarkets.fr\/app\/produit\/xirena-chemise-beau-orchid-ice\/","title":{"rendered":"Nouveau ! XIRENA Chemise Beau Orchid Ice"},"content":{"rendered":"<p data-rte-preserve-empty=\"true\">Chemise en coton, coupe ample et droite, manches longues, poignets resserr\u00e9s, douce et agr\u00e9able, dans un mauve tr\u00e8s doux. \u00c9galement disponible dans d\u2019autres couleurs.<\/p>\n<p data-rte-preserve-empty=\"true\">D\u00e9tail : 100% coton<\/p>\n","protected":false},"excerpt":{"rendered":"<p>Chemise en coton, coupe ample et droite, manches longues, poignets resserr\u00e9s, douce et agr\u00e9able, dans un mauve tr\u00e8s doux. \u00c9galement disponible dans d\u2019autres couleurs. D\u00e9tail : 100% coton<\/p>\n","protected":false},"featured_media":820278,"comment_status":"open","ping_status":"closed","template":"","meta":[],"product_brand":[],"product_cat":[1756,1762],"product_tag":[2244],"acf":[],"_links":{"self":[{"href":"https:\/\/streetmarkets.fr\/app\/wp-json\/wp\/v2\/product\/820277"}],"collection":[{"href":"https:\/\/streetmarkets.fr\/app\/wp-json\/wp\/v2\/product"}],"about":[{"href":"https:\/\/streetmarkets.fr\/app\/wp-json\/wp\/v2\/types\/product"}],"replies":[{"embeddable":true,"href":"https:\/\/streetmarkets.fr\/app\/wp-json\/wp\/v2\/comments?post=820277"}],"wp:featuredmedia":[{"embeddable":true,"href":"https:\/\/streetmarkets.fr\/app\/wp-json\/wp\/v2\/media\/820278"}],"wp:attachment":[{"href":"https:\/\/streetmarkets.fr\/app\/wp-json\/wp\/v2\/media?parent=820277"}],"wp:term":[{"taxonomy":"product_brand","embeddable":true,"href":"https:\/\/streetmarkets.fr\/app\/wp-json\/wp\/v2\/product_brand?post=820277"},{"taxonomy":"product_cat","embeddable":true,"href":"https:\/\/streetmarkets.fr\/app\/wp-json\/wp\/v2\/product_cat?post=820277"},{"taxonomy":"product_tag","embeddable":true,"href":"https:\/\/streetmarkets.fr\/app\/wp-json\/wp\/v2\/product_tag?post=820277"}],"curies":[{"name":"wp","href":"https:\/\/api.w.org\/{rel}","templated":true}]}}