{"id":820257,"date":"2024-11-09T01:06:26","date_gmt":"2024-11-09T00:06:26","guid":{"rendered":"https:\/\/streetmarkets.fr\/app\/produit\/nouveau-mother-jean-the-half-pipe-ankle-this-is-how-i-roll\/"},"modified":"2025-07-30T02:06:53","modified_gmt":"2025-07-30T00:06:53","slug":"nouveau-mother-jean-the-half-pipe-ankle-this-is-how-i-roll","status":"publish","type":"product","link":"https:\/\/streetmarkets.fr\/app\/produit\/nouveau-mother-jean-the-half-pipe-ankle-this-is-how-i-roll\/","title":{"rendered":"Nouveau ! MOTHER Jean The Half Pipe Ankle This Is How I Roll"},"content":{"rendered":"<p>Le jean Half Pipe Ankle dans le wash This Is How I Roll, coupe taille haute, jambe flare et tr\u00e8s l\u00e9g\u00e8rement courb\u00e9e, hauteur 7\/8, coton 100% MOTHER PREMIUM de tr\u00e8s haute qualit\u00e9.<\/p>\n<p>D\u00e9tail : 100% coton <\/p>\n<p>Fabriqu\u00e9 \u00e0 Los Angeles<\/p>\n","protected":false},"excerpt":{"rendered":"<p>Le jean Half Pipe Ankle dans le wash This Is How I Roll, coupe taille haute, jambe flare et tr\u00e8s l\u00e9g\u00e8rement courb\u00e9e, hauteur 7\/8, coton 100% MOTHER PREMIUM de tr\u00e8s haute qualit\u00e9. D\u00e9tail : 100% coton Fabriqu\u00e9 \u00e0 Los Angeles<\/p>\n","protected":false},"featured_media":820258,"comment_status":"open","ping_status":"closed","template":"","meta":[],"product_brand":[],"product_cat":[1756,1762],"product_tag":[2244],"acf":[],"_links":{"self":[{"href":"https:\/\/streetmarkets.fr\/app\/wp-json\/wp\/v2\/product\/820257"}],"collection":[{"href":"https:\/\/streetmarkets.fr\/app\/wp-json\/wp\/v2\/product"}],"about":[{"href":"https:\/\/streetmarkets.fr\/app\/wp-json\/wp\/v2\/types\/product"}],"replies":[{"embeddable":true,"href":"https:\/\/streetmarkets.fr\/app\/wp-json\/wp\/v2\/comments?post=820257"}],"wp:featuredmedia":[{"embeddable":true,"href":"https:\/\/streetmarkets.fr\/app\/wp-json\/wp\/v2\/media\/820258"}],"wp:attachment":[{"href":"https:\/\/streetmarkets.fr\/app\/wp-json\/wp\/v2\/media?parent=820257"}],"wp:term":[{"taxonomy":"product_brand","embeddable":true,"href":"https:\/\/streetmarkets.fr\/app\/wp-json\/wp\/v2\/product_brand?post=820257"},{"taxonomy":"product_cat","embeddable":true,"href":"https:\/\/streetmarkets.fr\/app\/wp-json\/wp\/v2\/product_cat?post=820257"},{"taxonomy":"product_tag","embeddable":true,"href":"https:\/\/streetmarkets.fr\/app\/wp-json\/wp\/v2\/product_tag?post=820257"}],"curies":[{"name":"wp","href":"https:\/\/api.w.org\/{rel}","templated":true}]}}