{"id":820238,"date":"2024-11-09T01:06:22","date_gmt":"2024-11-09T00:06:22","guid":{"rendered":"https:\/\/streetmarkets.fr\/app\/produit\/nouveau-mother-chemise-the-lazy-sunday-graveyard-shift\/"},"modified":"2025-07-23T02:04:10","modified_gmt":"2025-07-23T00:04:10","slug":"nouveau-mother-chemise-the-lazy-sunday-graveyard-shift","status":"publish","type":"product","link":"https:\/\/streetmarkets.fr\/app\/produit\/nouveau-mother-chemise-the-lazy-sunday-graveyard-shift\/","title":{"rendered":"MOTHER Chemise The Lazy Sunday Graveyard Shift"},"content":{"rendered":"<p>Chemise en jean The Lazy Sunday dans le wash Graveyard Shift, coupe ample, manches longues et poignets resserr\u00e9s, emmanchure large, deux poches plaqu\u00e9es devant, bords vifs, d\u00e9coupes et d\u00e9chirures effet vieillis, coton souple.<\/p>\n<p>D\u00e9tail : 100% coton Fabriqu\u00e9 \u00e0 Los Angeles<\/p>\n","protected":false},"excerpt":{"rendered":"<p>Chemise en jean The Lazy Sunday dans le wash Graveyard Shift, coupe ample, manches longues et poignets resserr\u00e9s, emmanchure large, deux poches plaqu\u00e9es devant, bords vifs, d\u00e9coupes et d\u00e9chirures effet vieillis, coton souple. D\u00e9tail : 100% coton Fabriqu\u00e9 \u00e0 Los Angeles<\/p>\n","protected":false},"featured_media":820239,"comment_status":"open","ping_status":"closed","template":"","meta":[],"product_brand":[],"product_cat":[1756,1762],"product_tag":[2244],"acf":[],"_links":{"self":[{"href":"https:\/\/streetmarkets.fr\/app\/wp-json\/wp\/v2\/product\/820238"}],"collection":[{"href":"https:\/\/streetmarkets.fr\/app\/wp-json\/wp\/v2\/product"}],"about":[{"href":"https:\/\/streetmarkets.fr\/app\/wp-json\/wp\/v2\/types\/product"}],"replies":[{"embeddable":true,"href":"https:\/\/streetmarkets.fr\/app\/wp-json\/wp\/v2\/comments?post=820238"}],"wp:featuredmedia":[{"embeddable":true,"href":"https:\/\/streetmarkets.fr\/app\/wp-json\/wp\/v2\/media\/820239"}],"wp:attachment":[{"href":"https:\/\/streetmarkets.fr\/app\/wp-json\/wp\/v2\/media?parent=820238"}],"wp:term":[{"taxonomy":"product_brand","embeddable":true,"href":"https:\/\/streetmarkets.fr\/app\/wp-json\/wp\/v2\/product_brand?post=820238"},{"taxonomy":"product_cat","embeddable":true,"href":"https:\/\/streetmarkets.fr\/app\/wp-json\/wp\/v2\/product_cat?post=820238"},{"taxonomy":"product_tag","embeddable":true,"href":"https:\/\/streetmarkets.fr\/app\/wp-json\/wp\/v2\/product_tag?post=820238"}],"curies":[{"name":"wp","href":"https:\/\/api.w.org\/{rel}","templated":true}]}}