{"id":820230,"date":"2024-11-09T01:06:22","date_gmt":"2024-11-09T00:06:22","guid":{"rendered":"https:\/\/streetmarkets.fr\/app\/produit\/nouveau-mother-jean-the-mid-rise-dazzler-ankle-fray-blessing-in-disguise\/"},"modified":"2026-04-22T02:00:41","modified_gmt":"2026-04-22T00:00:41","slug":"nouveau-mother-jean-the-mid-rise-dazzler-ankle-fray-blessing-in-disguise","status":"publish","type":"product","link":"https:\/\/streetmarkets.fr\/app\/produit\/nouveau-mother-jean-the-mid-rise-dazzler-ankle-fray-blessing-in-disguise\/","title":{"rendered":"MOTHER Jean The Mid Rise Dazzler Ankle Fray Blessing In Disguise -50%"},"content":{"rendered":"<p data-rte-preserve-empty=\"true\">Le jean Mid Rise Dazzler Ankle Fray dans le wash Blessing In Disguise, un bleu californien d\u00e9lav\u00e9 tout doux, taille haute, coupe \u00e9troite pr\u00e9s du corps, longueur 7\/8, et chevilles coup\u00e9es bords vif. LE MOD\u00c8LE TAILLE PETIT. <\/p>\n<p data-rte-preserve-empty=\"true\">D\u00e9tail : 100% coton<\/p>\n<p data-rte-preserve-empty=\"true\">Fabriqu\u00e9 \u00e0 Los Angeles<\/p>\n","protected":false},"excerpt":{"rendered":"<p>Le jean Mid Rise Dazzler Ankle Fray dans le wash Blessing In Disguise, un bleu californien d\u00e9lav\u00e9 tout doux, taille haute, coupe \u00e9troite pr\u00e9s du corps, longueur 7\/8, et chevilles coup\u00e9es bords vif. LE MOD\u00c8LE TAILLE PETIT. D\u00e9tail : 100% coton Fabriqu\u00e9 \u00e0 Los Angeles<\/p>\n","protected":false},"featured_media":820231,"comment_status":"open","ping_status":"closed","template":"","meta":[],"product_brand":[],"product_cat":[1756,1762],"product_tag":[2244],"acf":[],"_links":{"self":[{"href":"https:\/\/streetmarkets.fr\/app\/wp-json\/wp\/v2\/product\/820230"}],"collection":[{"href":"https:\/\/streetmarkets.fr\/app\/wp-json\/wp\/v2\/product"}],"about":[{"href":"https:\/\/streetmarkets.fr\/app\/wp-json\/wp\/v2\/types\/product"}],"replies":[{"embeddable":true,"href":"https:\/\/streetmarkets.fr\/app\/wp-json\/wp\/v2\/comments?post=820230"}],"wp:featuredmedia":[{"embeddable":true,"href":"https:\/\/streetmarkets.fr\/app\/wp-json\/wp\/v2\/media\/820231"}],"wp:attachment":[{"href":"https:\/\/streetmarkets.fr\/app\/wp-json\/wp\/v2\/media?parent=820230"}],"wp:term":[{"taxonomy":"product_brand","embeddable":true,"href":"https:\/\/streetmarkets.fr\/app\/wp-json\/wp\/v2\/product_brand?post=820230"},{"taxonomy":"product_cat","embeddable":true,"href":"https:\/\/streetmarkets.fr\/app\/wp-json\/wp\/v2\/product_cat?post=820230"},{"taxonomy":"product_tag","embeddable":true,"href":"https:\/\/streetmarkets.fr\/app\/wp-json\/wp\/v2\/product_tag?post=820230"}],"curies":[{"name":"wp","href":"https:\/\/api.w.org\/{rel}","templated":true}]}}