{"id":820218,"date":"2024-11-09T01:06:21","date_gmt":"2024-11-09T00:06:21","guid":{"rendered":"https:\/\/streetmarkets.fr\/app\/produit\/nouveau-mother-jean-the-mid-rise-maven-ankle-fray-act-natural\/"},"modified":"2026-05-06T02:00:30","modified_gmt":"2026-05-06T00:00:30","slug":"nouveau-mother-jean-the-mid-rise-maven-ankle-fray-act-natural","status":"publish","type":"product","link":"https:\/\/streetmarkets.fr\/app\/produit\/nouveau-mother-jean-the-mid-rise-maven-ankle-fray-act-natural\/","title":{"rendered":"MOTHER Jean The Mid Rise Maven Ankle Fray Act Natural -50%"},"content":{"rendered":"<p data-rte-preserve-empty=\"true\">Le jean Mid Rise Maven Ankle Fray dans le wash Act Natural, taille haute, coupe loose fit, jambe flare et droite, chevilles bords vifs. Coton sup\u00e9rieur MOTHER PREMIUM.<\/p>\n<p data-rte-preserve-empty=\"true\">D\u00e9tail : 98% coton, 2% \u00e9lasthanne.<\/p>\n<p data-rte-preserve-empty=\"true\">Fabriqu\u00e9 \u00e0 Los Angeles<\/p>\n","protected":false},"excerpt":{"rendered":"<p>Le jean Mid Rise Maven Ankle Fray dans le wash Act Natural, taille haute, coupe loose fit, jambe flare et droite, chevilles bords vifs. Coton sup\u00e9rieur MOTHER PREMIUM. D\u00e9tail : 98% coton, 2% \u00e9lasthanne. Fabriqu\u00e9 \u00e0 Los Angeles<\/p>\n","protected":false},"featured_media":820219,"comment_status":"open","ping_status":"closed","template":"","meta":[],"product_brand":[],"product_cat":[1756,1762],"product_tag":[2244],"acf":[],"_links":{"self":[{"href":"https:\/\/streetmarkets.fr\/app\/wp-json\/wp\/v2\/product\/820218"}],"collection":[{"href":"https:\/\/streetmarkets.fr\/app\/wp-json\/wp\/v2\/product"}],"about":[{"href":"https:\/\/streetmarkets.fr\/app\/wp-json\/wp\/v2\/types\/product"}],"replies":[{"embeddable":true,"href":"https:\/\/streetmarkets.fr\/app\/wp-json\/wp\/v2\/comments?post=820218"}],"wp:featuredmedia":[{"embeddable":true,"href":"https:\/\/streetmarkets.fr\/app\/wp-json\/wp\/v2\/media\/820219"}],"wp:attachment":[{"href":"https:\/\/streetmarkets.fr\/app\/wp-json\/wp\/v2\/media?parent=820218"}],"wp:term":[{"taxonomy":"product_brand","embeddable":true,"href":"https:\/\/streetmarkets.fr\/app\/wp-json\/wp\/v2\/product_brand?post=820218"},{"taxonomy":"product_cat","embeddable":true,"href":"https:\/\/streetmarkets.fr\/app\/wp-json\/wp\/v2\/product_cat?post=820218"},{"taxonomy":"product_tag","embeddable":true,"href":"https:\/\/streetmarkets.fr\/app\/wp-json\/wp\/v2\/product_tag?post=820218"}],"curies":[{"name":"wp","href":"https:\/\/api.w.org\/{rel}","templated":true}]}}