{"id":820207,"date":"2024-11-09T01:06:21","date_gmt":"2024-11-09T00:06:21","guid":{"rendered":"https:\/\/streetmarkets.fr\/app\/produit\/nouveau-mother-jean-the-mid-rise-rambler-zip-ankle-fray-whats-your-sign\/"},"modified":"2025-07-16T02:04:36","modified_gmt":"2025-07-16T00:04:36","slug":"nouveau-mother-jean-the-mid-rise-rambler-zip-ankle-fray-whats-your-sign","status":"publish","type":"product","link":"https:\/\/streetmarkets.fr\/app\/produit\/nouveau-mother-jean-the-mid-rise-rambler-zip-ankle-fray-whats-your-sign\/","title":{"rendered":"MOTHER Jean The Mid Rise Rambler Zip Ankle Fray Whats Your Sign"},"content":{"rendered":"<p>Le jean Mid Rise Rambler Zip Ankle Fray dans le wash Whats Your Sign, coupe semi basse, jambe droite, longueur 7\/8 et chevilles bords vifs, coton souple.<\/p>\n<p>D\u00e9tail : 78% coton, 16% modal, 4% polyester, 2% \u00e9lasthanne. <\/p>\n<p>Fabriqu\u00e9 \u00e0 Los Angeles<\/p>\n","protected":false},"excerpt":{"rendered":"<p>Le jean Mid Rise Rambler Zip Ankle Fray dans le wash Whats Your Sign, coupe semi basse, jambe droite, longueur 7\/8 et chevilles bords vifs, coton souple. D\u00e9tail : 78% coton, 16% modal, 4% polyester, 2% \u00e9lasthanne. Fabriqu\u00e9 \u00e0 Los Angeles<\/p>\n","protected":false},"featured_media":820208,"comment_status":"open","ping_status":"closed","template":"","meta":[],"product_brand":[],"product_cat":[1756,1762],"product_tag":[2244],"acf":[],"_links":{"self":[{"href":"https:\/\/streetmarkets.fr\/app\/wp-json\/wp\/v2\/product\/820207"}],"collection":[{"href":"https:\/\/streetmarkets.fr\/app\/wp-json\/wp\/v2\/product"}],"about":[{"href":"https:\/\/streetmarkets.fr\/app\/wp-json\/wp\/v2\/types\/product"}],"replies":[{"embeddable":true,"href":"https:\/\/streetmarkets.fr\/app\/wp-json\/wp\/v2\/comments?post=820207"}],"wp:featuredmedia":[{"embeddable":true,"href":"https:\/\/streetmarkets.fr\/app\/wp-json\/wp\/v2\/media\/820208"}],"wp:attachment":[{"href":"https:\/\/streetmarkets.fr\/app\/wp-json\/wp\/v2\/media?parent=820207"}],"wp:term":[{"taxonomy":"product_brand","embeddable":true,"href":"https:\/\/streetmarkets.fr\/app\/wp-json\/wp\/v2\/product_brand?post=820207"},{"taxonomy":"product_cat","embeddable":true,"href":"https:\/\/streetmarkets.fr\/app\/wp-json\/wp\/v2\/product_cat?post=820207"},{"taxonomy":"product_tag","embeddable":true,"href":"https:\/\/streetmarkets.fr\/app\/wp-json\/wp\/v2\/product_tag?post=820207"}],"curies":[{"name":"wp","href":"https:\/\/api.w.org\/{rel}","templated":true}]}}