{"id":820173,"date":"2024-11-09T01:06:19","date_gmt":"2024-11-09T00:06:19","guid":{"rendered":"https:\/\/streetmarkets.fr\/app\/produit\/nouveau-mother-jean-the-hustler-ankle-fray-not-guilty\/"},"modified":"2026-05-13T02:00:36","modified_gmt":"2026-05-13T00:00:36","slug":"nouveau-mother-jean-the-hustler-ankle-fray-not-guilty","status":"publish","type":"product","link":"https:\/\/streetmarkets.fr\/app\/produit\/nouveau-mother-jean-the-hustler-ankle-fray-not-guilty\/","title":{"rendered":"MOTHER Jean The Hustler Ankle Fray Not Guilty -50%"},"content":{"rendered":"<p>Le jean Hustler Ankle Fray dans le wash Not Guilty, coupe taille haute et bootcut (coupe pr\u00e8s du corps et l\u00e9g\u00e8rement \u00e9vas\u00e9e aux chevilles ce qui \u00e9tire la silhouette. ), longueur 7\/8, chevilles bords vifs. Coton stretch denim hyper confort. Le mod\u00e8le best off de MOTHER \ud83d\ude42 \u00c9galement disponible dans la couleur Healing Jar, un wash bleu d\u00e9lav\u00e9 tout doux. <\/p>\n<p>D\u00e9tail : 92,5% coton, 2.5% \u00e9lasthanne. <\/p>\n<p>Fabriqu\u00e9 \u00e0 Los Angeles<\/p>\n","protected":false},"excerpt":{"rendered":"<p>Le jean Hustler Ankle Fray dans le wash Not Guilty, coupe taille haute et bootcut (coupe pr\u00e8s du corps et l\u00e9g\u00e8rement \u00e9vas\u00e9e aux chevilles ce qui \u00e9tire la silhouette. ), longueur 7\/8, chevilles bords vifs. Coton stretch denim hyper confort. Le mod\u00e8le best off de MOTHER \ud83d\ude42 \u00c9galement disponible dans la couleur Healing Jar, un [&hellip;]<\/p>\n","protected":false},"featured_media":820174,"comment_status":"open","ping_status":"closed","template":"","meta":[],"product_brand":[],"product_cat":[1756,1762],"product_tag":[2244],"acf":[],"_links":{"self":[{"href":"https:\/\/streetmarkets.fr\/app\/wp-json\/wp\/v2\/product\/820173"}],"collection":[{"href":"https:\/\/streetmarkets.fr\/app\/wp-json\/wp\/v2\/product"}],"about":[{"href":"https:\/\/streetmarkets.fr\/app\/wp-json\/wp\/v2\/types\/product"}],"replies":[{"embeddable":true,"href":"https:\/\/streetmarkets.fr\/app\/wp-json\/wp\/v2\/comments?post=820173"}],"wp:featuredmedia":[{"embeddable":true,"href":"https:\/\/streetmarkets.fr\/app\/wp-json\/wp\/v2\/media\/820174"}],"wp:attachment":[{"href":"https:\/\/streetmarkets.fr\/app\/wp-json\/wp\/v2\/media?parent=820173"}],"wp:term":[{"taxonomy":"product_brand","embeddable":true,"href":"https:\/\/streetmarkets.fr\/app\/wp-json\/wp\/v2\/product_brand?post=820173"},{"taxonomy":"product_cat","embeddable":true,"href":"https:\/\/streetmarkets.fr\/app\/wp-json\/wp\/v2\/product_cat?post=820173"},{"taxonomy":"product_tag","embeddable":true,"href":"https:\/\/streetmarkets.fr\/app\/wp-json\/wp\/v2\/product_tag?post=820173"}],"curies":[{"name":"wp","href":"https:\/\/api.w.org\/{rel}","templated":true}]}}