{"id":819043,"date":"2024-11-08T01:05:32","date_gmt":"2024-11-08T00:05:32","guid":{"rendered":"https:\/\/streetmarkets.fr\/app\/produit\/pull-cardigan-alpaga-h24-femme-navy\/"},"modified":"2025-02-14T01:11:59","modified_gmt":"2025-02-14T00:11:59","slug":"pull-cardigan-alpaga-h24-femme-navy","status":"publish","type":"product","link":"https:\/\/streetmarkets.fr\/app\/produit\/pull-cardigan-alpaga-h24-femme-navy\/","title":{"rendered":"Pull Cardigan Alpaga (H24 \/ FEMME \/ Navy)"},"content":{"rendered":"<p>Confectionn\u00e9 \u00e0 partir de laine alpaga, ce pull cardigan court adopte une maille douce et bross\u00e9e. Muni de manches longues et de bords c\u00f4tel\u00e9s, il d\u00e9voile un col V et une fermeture boutonn\u00e9e. \u00c0 porter seul ou sur un t-shirt, il s&#8217;associe facilement \u00e0 un jean d\u00e9contract\u00e9.<\/p>\n<p>&#8211; Pull cardigan court Femme<br \/>\n<br \/>&#8211; Col V<br \/>\n<br \/>&#8211; Fermeture boutonn\u00e9e<br \/>\n<br \/>&#8211; Manches longues<br \/>\n<br \/>&#8211; Bords c\u00f4tel\u00e9s<br \/>\n<br \/>&#8211; Coupe regular<\/p>\n","protected":false},"excerpt":{"rendered":"<p>Confectionn\u00e9 \u00e0 partir de laine alpaga, ce pull cardigan court adopte une maille douce et bross\u00e9e. Muni de manches longues et de bords c\u00f4tel\u00e9s, il d\u00e9voile un col V et une fermeture boutonn\u00e9e. \u00c0 porter seul ou sur un t-shirt, il s&#8217;associe facilement \u00e0 un jean d\u00e9contract\u00e9. &#8211; Pull cardigan court Femme &#8211; Col V [&hellip;]<\/p>\n","protected":false},"featured_media":819044,"comment_status":"open","ping_status":"closed","template":"","meta":[],"product_brand":[6868],"product_cat":[1756,1762],"product_tag":[2244],"acf":[],"_links":{"self":[{"href":"https:\/\/streetmarkets.fr\/app\/wp-json\/wp\/v2\/product\/819043"}],"collection":[{"href":"https:\/\/streetmarkets.fr\/app\/wp-json\/wp\/v2\/product"}],"about":[{"href":"https:\/\/streetmarkets.fr\/app\/wp-json\/wp\/v2\/types\/product"}],"replies":[{"embeddable":true,"href":"https:\/\/streetmarkets.fr\/app\/wp-json\/wp\/v2\/comments?post=819043"}],"wp:featuredmedia":[{"embeddable":true,"href":"https:\/\/streetmarkets.fr\/app\/wp-json\/wp\/v2\/media\/819044"}],"wp:attachment":[{"href":"https:\/\/streetmarkets.fr\/app\/wp-json\/wp\/v2\/media?parent=819043"}],"wp:term":[{"taxonomy":"product_brand","embeddable":true,"href":"https:\/\/streetmarkets.fr\/app\/wp-json\/wp\/v2\/product_brand?post=819043"},{"taxonomy":"product_cat","embeddable":true,"href":"https:\/\/streetmarkets.fr\/app\/wp-json\/wp\/v2\/product_cat?post=819043"},{"taxonomy":"product_tag","embeddable":true,"href":"https:\/\/streetmarkets.fr\/app\/wp-json\/wp\/v2\/product_tag?post=819043"}],"curies":[{"name":"wp","href":"https:\/\/api.w.org\/{rel}","templated":true}]}}