{"id":818508,"date":"2024-11-07T01:04:46","date_gmt":"2024-11-07T00:04:46","guid":{"rendered":"https:\/\/streetmarkets.fr\/app\/produit\/robe-courte-manche-longue-en-cachemire-brosse-h24-femme-noir\/"},"modified":"2025-02-04T01:08:55","modified_gmt":"2025-02-04T00:08:55","slug":"robe-courte-manche-longue-en-cachemire-brosse-h24-femme-noir","status":"publish","type":"product","link":"https:\/\/streetmarkets.fr\/app\/produit\/robe-courte-manche-longue-en-cachemire-brosse-h24-femme-noir\/","title":{"rendered":"Robe Courte Manche Longue en Cachemire Bross\u00e9 (H24 \/ FEMME \/ Noir)"},"content":{"rendered":"<p>\u00c9l\u00e9gante et audacieuse, cette robe courte et ajust\u00e9e se pare d&#8217;une fleur d\u00e9licate \u00e0 l&#8217;avant pour apporter une touche de fra\u00eecheur \u00e0 votre allure. Confectionn\u00e9e en cachemire bross\u00e9, elle d\u00e9voile un col rond et des manches longues. <\/p>\n<p>&#8211; Robe courte en cachemire bross\u00e9 Femme<br \/>\n<br \/>&#8211; Motif fleur<br \/>\n<br \/>&#8211; Col rond<br \/>\n<br \/>&#8211; Manches longues<br \/>\n<br \/>&#8211; Coupe slim<br \/>&#8211; <u>Cachemire 2 fils<\/u> <\/p>\n","protected":false},"excerpt":{"rendered":"<p>\u00c9l\u00e9gante et audacieuse, cette robe courte et ajust\u00e9e se pare d&#8217;une fleur d\u00e9licate \u00e0 l&#8217;avant pour apporter une touche de fra\u00eecheur \u00e0 votre allure. Confectionn\u00e9e en cachemire bross\u00e9, elle d\u00e9voile un col rond et des manches longues. &#8211; Robe courte en cachemire bross\u00e9 Femme &#8211; Motif fleur &#8211; Col rond &#8211; Manches longues &#8211; Coupe [&hellip;]<\/p>\n","protected":false},"featured_media":818509,"comment_status":"open","ping_status":"closed","template":"","meta":[],"product_brand":[6868],"product_cat":[1756,1762],"product_tag":[2244],"acf":[],"_links":{"self":[{"href":"https:\/\/streetmarkets.fr\/app\/wp-json\/wp\/v2\/product\/818508"}],"collection":[{"href":"https:\/\/streetmarkets.fr\/app\/wp-json\/wp\/v2\/product"}],"about":[{"href":"https:\/\/streetmarkets.fr\/app\/wp-json\/wp\/v2\/types\/product"}],"replies":[{"embeddable":true,"href":"https:\/\/streetmarkets.fr\/app\/wp-json\/wp\/v2\/comments?post=818508"}],"wp:featuredmedia":[{"embeddable":true,"href":"https:\/\/streetmarkets.fr\/app\/wp-json\/wp\/v2\/media\/818509"}],"wp:attachment":[{"href":"https:\/\/streetmarkets.fr\/app\/wp-json\/wp\/v2\/media?parent=818508"}],"wp:term":[{"taxonomy":"product_brand","embeddable":true,"href":"https:\/\/streetmarkets.fr\/app\/wp-json\/wp\/v2\/product_brand?post=818508"},{"taxonomy":"product_cat","embeddable":true,"href":"https:\/\/streetmarkets.fr\/app\/wp-json\/wp\/v2\/product_cat?post=818508"},{"taxonomy":"product_tag","embeddable":true,"href":"https:\/\/streetmarkets.fr\/app\/wp-json\/wp\/v2\/product_tag?post=818508"}],"curies":[{"name":"wp","href":"https:\/\/api.w.org\/{rel}","templated":true}]}}