{"id":818477,"date":"2024-11-07T01:04:44","date_gmt":"2024-11-07T00:04:44","guid":{"rendered":"https:\/\/streetmarkets.fr\/app\/produit\/t-shirt-col-rond-marche-aux-fleurs-h24-homme-sable\/"},"modified":"2025-02-08T01:07:12","modified_gmt":"2025-02-08T00:07:12","slug":"t-shirt-col-rond-marche-aux-fleurs-h24-homme-sable","status":"publish","type":"product","link":"https:\/\/streetmarkets.fr\/app\/produit\/t-shirt-col-rond-marche-aux-fleurs-h24-homme-sable\/","title":{"rendered":"T-shirt Col Rond March\u00e9 Aux Fleurs (H24 \/ HOMME \/ Sable)"},"content":{"rendered":"<p>Un vent de fra\u00eecheur souffle sur ce t-shirt en coton, orn\u00e9 d&#8217;une inscription &#8220;March\u00e9 aux fleurs&#8221; \u00e0 l&#8217;avant. Muni d&#8217;un col rond et de manches courtes, il s&#8217;associe \u00e0 un jean structur\u00e9 ou un pantalon ample.<\/p>\n<p>&#8211; T-shirt en coton Homme<br \/>\n<br \/>&#8211; Inscription &#8220;March\u00e9 aux fleurs&#8221; \u00e0 l&#8217;avant<br \/>\n<br \/>&#8211; Col rond<br \/>\n<br \/>&#8211; Manches courtes<br \/>\n<br \/>&#8211; Coupe regular<\/p>\n","protected":false},"excerpt":{"rendered":"<p>Un vent de fra\u00eecheur souffle sur ce t-shirt en coton, orn\u00e9 d&#8217;une inscription &#8220;March\u00e9 aux fleurs&#8221; \u00e0 l&#8217;avant. Muni d&#8217;un col rond et de manches courtes, il s&#8217;associe \u00e0 un jean structur\u00e9 ou un pantalon ample. &#8211; T-shirt en coton Homme &#8211; Inscription &#8220;March\u00e9 aux fleurs&#8221; \u00e0 l&#8217;avant &#8211; Col rond &#8211; Manches courtes &#8211; [&hellip;]<\/p>\n","protected":false},"featured_media":818478,"comment_status":"open","ping_status":"closed","template":"","meta":[],"product_brand":[6868],"product_cat":[1756,1758],"product_tag":[2244],"acf":[],"_links":{"self":[{"href":"https:\/\/streetmarkets.fr\/app\/wp-json\/wp\/v2\/product\/818477"}],"collection":[{"href":"https:\/\/streetmarkets.fr\/app\/wp-json\/wp\/v2\/product"}],"about":[{"href":"https:\/\/streetmarkets.fr\/app\/wp-json\/wp\/v2\/types\/product"}],"replies":[{"embeddable":true,"href":"https:\/\/streetmarkets.fr\/app\/wp-json\/wp\/v2\/comments?post=818477"}],"wp:featuredmedia":[{"embeddable":true,"href":"https:\/\/streetmarkets.fr\/app\/wp-json\/wp\/v2\/media\/818478"}],"wp:attachment":[{"href":"https:\/\/streetmarkets.fr\/app\/wp-json\/wp\/v2\/media?parent=818477"}],"wp:term":[{"taxonomy":"product_brand","embeddable":true,"href":"https:\/\/streetmarkets.fr\/app\/wp-json\/wp\/v2\/product_brand?post=818477"},{"taxonomy":"product_cat","embeddable":true,"href":"https:\/\/streetmarkets.fr\/app\/wp-json\/wp\/v2\/product_cat?post=818477"},{"taxonomy":"product_tag","embeddable":true,"href":"https:\/\/streetmarkets.fr\/app\/wp-json\/wp\/v2\/product_tag?post=818477"}],"curies":[{"name":"wp","href":"https:\/\/api.w.org\/{rel}","templated":true}]}}