{"id":818469,"date":"2024-11-07T01:04:44","date_gmt":"2024-11-07T00:04:44","guid":{"rendered":"https:\/\/streetmarkets.fr\/app\/produit\/t-shirt-col-rond-manches-courtes-h24-homme-ecru\/"},"modified":"2025-05-26T02:06:59","modified_gmt":"2025-05-26T00:06:59","slug":"t-shirt-col-rond-manches-courtes-h24-homme-ecru","status":"publish","type":"product","link":"https:\/\/streetmarkets.fr\/app\/produit\/t-shirt-col-rond-manches-courtes-h24-homme-ecru\/","title":{"rendered":"T-shirt Col Rond Manches Courtes (H24 \/ HOMME \/ Ecru)"},"content":{"rendered":"<p>Coupe soign\u00e9e et d\u00e9tail signature, ce t-shirt en coton conf\u00e8re une allure d\u00e9contract\u00e9e en toute \u00e9l\u00e9gance. Muni d&#8217;un col rond et de manches courtes, il arbore une poche avant, r\u00e9v\u00e9lant une broderie &#8220;Future&#8221; ton sur ton sur la poitrine. Rejoignez le Club !<\/p>\n<p>&#8211; T-shirt en coton Homme<br \/>\n<br \/>&#8211; Inscription &#8220;Future&#8221; sur la poitrine<br \/>\n<br \/>&#8211; Poche avant<br \/>\n<br \/>&#8211; Col rond<br \/>\n<br \/>&#8211; Manches courtes<br \/>\n<br \/>&#8211; Coupe regular<\/p>\n","protected":false},"excerpt":{"rendered":"<p>Coupe soign\u00e9e et d\u00e9tail signature, ce t-shirt en coton conf\u00e8re une allure d\u00e9contract\u00e9e en toute \u00e9l\u00e9gance. Muni d&#8217;un col rond et de manches courtes, il arbore une poche avant, r\u00e9v\u00e9lant une broderie &#8220;Future&#8221; ton sur ton sur la poitrine. Rejoignez le Club ! &#8211; T-shirt en coton Homme &#8211; Inscription &#8220;Future&#8221; sur la poitrine &#8211; [&hellip;]<\/p>\n","protected":false},"featured_media":818470,"comment_status":"open","ping_status":"closed","template":"","meta":[],"product_brand":[6868],"product_cat":[1756,1758],"product_tag":[2244],"acf":[],"_links":{"self":[{"href":"https:\/\/streetmarkets.fr\/app\/wp-json\/wp\/v2\/product\/818469"}],"collection":[{"href":"https:\/\/streetmarkets.fr\/app\/wp-json\/wp\/v2\/product"}],"about":[{"href":"https:\/\/streetmarkets.fr\/app\/wp-json\/wp\/v2\/types\/product"}],"replies":[{"embeddable":true,"href":"https:\/\/streetmarkets.fr\/app\/wp-json\/wp\/v2\/comments?post=818469"}],"wp:featuredmedia":[{"embeddable":true,"href":"https:\/\/streetmarkets.fr\/app\/wp-json\/wp\/v2\/media\/818470"}],"wp:attachment":[{"href":"https:\/\/streetmarkets.fr\/app\/wp-json\/wp\/v2\/media?parent=818469"}],"wp:term":[{"taxonomy":"product_brand","embeddable":true,"href":"https:\/\/streetmarkets.fr\/app\/wp-json\/wp\/v2\/product_brand?post=818469"},{"taxonomy":"product_cat","embeddable":true,"href":"https:\/\/streetmarkets.fr\/app\/wp-json\/wp\/v2\/product_cat?post=818469"},{"taxonomy":"product_tag","embeddable":true,"href":"https:\/\/streetmarkets.fr\/app\/wp-json\/wp\/v2\/product_tag?post=818469"}],"curies":[{"name":"wp","href":"https:\/\/api.w.org\/{rel}","templated":true}]}}