{"id":818434,"date":"2024-11-07T01:04:42","date_gmt":"2024-11-07T00:04:42","guid":{"rendered":"https:\/\/streetmarkets.fr\/app\/produit\/outerwear-parka-h24-homme-navy\/"},"modified":"2025-02-25T01:06:29","modified_gmt":"2025-02-25T00:06:29","slug":"outerwear-parka-h24-homme-navy","status":"publish","type":"product","link":"https:\/\/streetmarkets.fr\/app\/produit\/outerwear-parka-h24-homme-navy\/","title":{"rendered":"Outerwear Parka (H24 \/ HOMME \/ Navy)"},"content":{"rendered":"<p>R\u00e9hauss\u00e9e d&#8217;une capuche, cette parka longue zipp\u00e9e structure votre silhouette avec audace. Munie de deux poches passepoil\u00e9es et deux poches \u00e0 rabat, elle d\u00e9voile une coupe parfaitement ajust\u00e9e par des cordons de serrage \u00e0 la taille.<\/p>\n<p>&#8211; Parka longue Homme<br \/>\n<br \/>&#8211; Capuche<br \/>\n<br \/>&#8211; 2 poches passepoil\u00e9es<br \/>\n<br \/>&#8211; 2 poches \u00e0 rabat<br \/>\n<br \/>&#8211; Fermeture zipp\u00e9e<br \/>\n<br \/>&#8211; Cordons de serrage \u00e0 la taille<br \/>\n<br \/>&#8211; Manches longues<br \/>\n<br \/>&#8211; Coupe regular<\/p>\n","protected":false},"excerpt":{"rendered":"<p>R\u00e9hauss\u00e9e d&#8217;une capuche, cette parka longue zipp\u00e9e structure votre silhouette avec audace. Munie de deux poches passepoil\u00e9es et deux poches \u00e0 rabat, elle d\u00e9voile une coupe parfaitement ajust\u00e9e par des cordons de serrage \u00e0 la taille. &#8211; Parka longue Homme &#8211; Capuche &#8211; 2 poches passepoil\u00e9es &#8211; 2 poches \u00e0 rabat &#8211; Fermeture zipp\u00e9e &#8211; [&hellip;]<\/p>\n","protected":false},"featured_media":818435,"comment_status":"open","ping_status":"closed","template":"","meta":[],"product_brand":[6868],"product_cat":[1756,1758],"product_tag":[2244],"acf":[],"_links":{"self":[{"href":"https:\/\/streetmarkets.fr\/app\/wp-json\/wp\/v2\/product\/818434"}],"collection":[{"href":"https:\/\/streetmarkets.fr\/app\/wp-json\/wp\/v2\/product"}],"about":[{"href":"https:\/\/streetmarkets.fr\/app\/wp-json\/wp\/v2\/types\/product"}],"replies":[{"embeddable":true,"href":"https:\/\/streetmarkets.fr\/app\/wp-json\/wp\/v2\/comments?post=818434"}],"wp:featuredmedia":[{"embeddable":true,"href":"https:\/\/streetmarkets.fr\/app\/wp-json\/wp\/v2\/media\/818435"}],"wp:attachment":[{"href":"https:\/\/streetmarkets.fr\/app\/wp-json\/wp\/v2\/media?parent=818434"}],"wp:term":[{"taxonomy":"product_brand","embeddable":true,"href":"https:\/\/streetmarkets.fr\/app\/wp-json\/wp\/v2\/product_brand?post=818434"},{"taxonomy":"product_cat","embeddable":true,"href":"https:\/\/streetmarkets.fr\/app\/wp-json\/wp\/v2\/product_cat?post=818434"},{"taxonomy":"product_tag","embeddable":true,"href":"https:\/\/streetmarkets.fr\/app\/wp-json\/wp\/v2\/product_tag?post=818434"}],"curies":[{"name":"wp","href":"https:\/\/api.w.org\/{rel}","templated":true}]}}