{"id":818424,"date":"2024-11-07T01:04:41","date_gmt":"2024-11-07T00:04:41","guid":{"rendered":"https:\/\/streetmarkets.fr\/app\/produit\/outerwear-veste-h24-homme-kaki\/"},"modified":"2025-03-05T01:01:05","modified_gmt":"2025-03-05T00:01:05","slug":"outerwear-veste-h24-homme-kaki","status":"publish","type":"product","link":"https:\/\/streetmarkets.fr\/app\/produit\/outerwear-veste-h24-homme-kaki\/","title":{"rendered":"Outerwear Veste (H24 \/ HOMME \/ Kaki)"},"content":{"rendered":"<p>Pi\u00e8ce ma\u00eetresse de la saison, cette veste bomber zipp\u00e9e donne instantan\u00e9ment de l&#8217;allure. R\u00e9hauss\u00e9e d&#8217;une capuche \u00e0 cordons de serrage, elle d\u00e9voile deux poches \u00e0 bouton pression, une poche plaqu\u00e9e zipp\u00e9e \u00e0 multi poches et tirette sur la manche gauche.<\/p>\n<p>&#8211; Veste bomber Homme<br \/>\n<br \/>&#8211; Capuche \u00e0 cordons de serrage<br \/>\n<br \/>&#8211; Fermeture zipp\u00e9e<br \/>\n<br \/>&#8211; 2 poches \u00e0 rabat et boutons pression<br \/>\n<br \/>&#8211; 1 poche plaqu\u00e9e zipp\u00e9e \u00e0 multi poches et tirette sur la manche<br \/>\n<br \/>&#8211; Bords c\u00f4tel\u00e9s<br \/>\n<br \/>&#8211; Manches longues<br \/>\n<br \/>&#8211; Coupe regular<\/p>\n","protected":false},"excerpt":{"rendered":"<p>Pi\u00e8ce ma\u00eetresse de la saison, cette veste bomber zipp\u00e9e donne instantan\u00e9ment de l&#8217;allure. R\u00e9hauss\u00e9e d&#8217;une capuche \u00e0 cordons de serrage, elle d\u00e9voile deux poches \u00e0 bouton pression, une poche plaqu\u00e9e zipp\u00e9e \u00e0 multi poches et tirette sur la manche gauche. &#8211; Veste bomber Homme &#8211; Capuche \u00e0 cordons de serrage &#8211; Fermeture zipp\u00e9e &#8211; 2 [&hellip;]<\/p>\n","protected":false},"featured_media":818425,"comment_status":"open","ping_status":"closed","template":"","meta":[],"product_brand":[6868],"product_cat":[1756,1758],"product_tag":[2244],"acf":[],"_links":{"self":[{"href":"https:\/\/streetmarkets.fr\/app\/wp-json\/wp\/v2\/product\/818424"}],"collection":[{"href":"https:\/\/streetmarkets.fr\/app\/wp-json\/wp\/v2\/product"}],"about":[{"href":"https:\/\/streetmarkets.fr\/app\/wp-json\/wp\/v2\/types\/product"}],"replies":[{"embeddable":true,"href":"https:\/\/streetmarkets.fr\/app\/wp-json\/wp\/v2\/comments?post=818424"}],"wp:featuredmedia":[{"embeddable":true,"href":"https:\/\/streetmarkets.fr\/app\/wp-json\/wp\/v2\/media\/818425"}],"wp:attachment":[{"href":"https:\/\/streetmarkets.fr\/app\/wp-json\/wp\/v2\/media?parent=818424"}],"wp:term":[{"taxonomy":"product_brand","embeddable":true,"href":"https:\/\/streetmarkets.fr\/app\/wp-json\/wp\/v2\/product_brand?post=818424"},{"taxonomy":"product_cat","embeddable":true,"href":"https:\/\/streetmarkets.fr\/app\/wp-json\/wp\/v2\/product_cat?post=818424"},{"taxonomy":"product_tag","embeddable":true,"href":"https:\/\/streetmarkets.fr\/app\/wp-json\/wp\/v2\/product_tag?post=818424"}],"curies":[{"name":"wp","href":"https:\/\/api.w.org\/{rel}","templated":true}]}}