{"id":818405,"date":"2024-11-07T01:04:40","date_gmt":"2024-11-07T00:04:40","guid":{"rendered":"https:\/\/streetmarkets.fr\/app\/produit\/bonnet-a-revers-h24-accessoires-navy\/"},"modified":"2025-02-24T01:08:21","modified_gmt":"2025-02-24T00:08:21","slug":"bonnet-a-revers-h24-accessoires-navy","status":"publish","type":"product","link":"https:\/\/streetmarkets.fr\/app\/produit\/bonnet-a-revers-h24-accessoires-navy\/","title":{"rendered":"Bonnet \u00e0 Revers (H24 \/ ACCESSOIRES \/ Navy)"},"content":{"rendered":"<p>Signez votre winter look avec ce bonnet doux et c\u00f4tel\u00e9 confectionn\u00e9 en cachemire. Son revers d\u00e9voile un liser\u00e9 contrast\u00e9 et une broderie d\u00e9licate &#8220;Sports d\u2019Hiver From Future Est. 2018&#8221; pour un style affirm\u00e9 sur les pistes.<\/p>\n<p>&#8211; Bonnet en cachemire certifi\u00e9 GCS\u00ae<br \/>\n<br \/>&#8211; \u00c0 revers<br \/>\n<br \/>&#8211; Liser\u00e9 contrast\u00e9<br \/>\n<br \/>&#8211; Broderie &#8220;Sports d\u2019Hiver From Future Est. 2018&#8221;<br \/>\n<br \/>&#8211; Taille unique<br \/>\n<br \/>&#8211; Le Good Cashmere Standard\u00ae (GCS) est une norme ind\u00e9pendante pour un cachemire plus durable et plus responsable. Il vise \u00e0 am\u00e9liorer le bien-\u00eatre des ch\u00e8vres cachemire, les conditions de travail des \u00e9leveurs ainsi qu&#8217;\u00e0 prot\u00e9ger l&#8217;environnement.<br \/>&#8211; <u>Cachemire 6 fils<\/u> <\/p>\n","protected":false},"excerpt":{"rendered":"<p>Signez votre winter look avec ce bonnet doux et c\u00f4tel\u00e9 confectionn\u00e9 en cachemire. Son revers d\u00e9voile un liser\u00e9 contrast\u00e9 et une broderie d\u00e9licate &#8220;Sports d\u2019Hiver From Future Est. 2018&#8221; pour un style affirm\u00e9 sur les pistes. &#8211; Bonnet en cachemire certifi\u00e9 GCS\u00ae &#8211; \u00c0 revers &#8211; Liser\u00e9 contrast\u00e9 &#8211; Broderie &#8220;Sports d\u2019Hiver From Future Est. [&hellip;]<\/p>\n","protected":false},"featured_media":818406,"comment_status":"open","ping_status":"closed","template":"","meta":[],"product_brand":[6868],"product_cat":[1756,1764],"product_tag":[2244],"acf":[],"_links":{"self":[{"href":"https:\/\/streetmarkets.fr\/app\/wp-json\/wp\/v2\/product\/818405"}],"collection":[{"href":"https:\/\/streetmarkets.fr\/app\/wp-json\/wp\/v2\/product"}],"about":[{"href":"https:\/\/streetmarkets.fr\/app\/wp-json\/wp\/v2\/types\/product"}],"replies":[{"embeddable":true,"href":"https:\/\/streetmarkets.fr\/app\/wp-json\/wp\/v2\/comments?post=818405"}],"wp:featuredmedia":[{"embeddable":true,"href":"https:\/\/streetmarkets.fr\/app\/wp-json\/wp\/v2\/media\/818406"}],"wp:attachment":[{"href":"https:\/\/streetmarkets.fr\/app\/wp-json\/wp\/v2\/media?parent=818405"}],"wp:term":[{"taxonomy":"product_brand","embeddable":true,"href":"https:\/\/streetmarkets.fr\/app\/wp-json\/wp\/v2\/product_brand?post=818405"},{"taxonomy":"product_cat","embeddable":true,"href":"https:\/\/streetmarkets.fr\/app\/wp-json\/wp\/v2\/product_cat?post=818405"},{"taxonomy":"product_tag","embeddable":true,"href":"https:\/\/streetmarkets.fr\/app\/wp-json\/wp\/v2\/product_tag?post=818405"}],"curies":[{"name":"wp","href":"https:\/\/api.w.org\/{rel}","templated":true}]}}