{"id":818397,"date":"2024-11-07T01:04:39","date_gmt":"2024-11-07T00:04:39","guid":{"rendered":"https:\/\/streetmarkets.fr\/app\/produit\/robe-longue-manche-longue-h24-femme-noir-2\/"},"modified":"2025-03-15T01:04:32","modified_gmt":"2025-03-15T00:04:32","slug":"robe-longue-manche-longue-h24-femme-noir-2","status":"publish","type":"product","link":"https:\/\/streetmarkets.fr\/app\/produit\/robe-longue-manche-longue-h24-femme-noir-2\/","title":{"rendered":"Robe Longue Manches Longues (H24 \/ FEMME \/ Noir)"},"content":{"rendered":"<p>Parfaite pour vos soir\u00e9es les plus chic, cette robe longue confectionn\u00e9e en laine m\u00e9rinos certifi\u00e9e RWS (Responsible Wool Standard) \u00e9pouse d\u00e9licatement les courbes. Avec un col rond et des manches longues, elle se distingue par un dos nu plongeant, bord\u00e9 de strass argent\u00e9s. Signez votre allure avec une paire d\u2019escarpins et un sac.<\/p>\n<p>&#8211; Robe longue en laine m\u00e9rinos Femme<br \/>\n<br \/>&#8211; Col rond<br \/>\n<br \/>&#8211; Dos plongeant \u00e0 strass<br \/>\n<br \/>&#8211; Manches longues<br \/>\n<br \/>&#8211; Coupe slim<br \/>\n<br \/>&#8211; Laine m\u00e9rinos : respirante et thermor\u00e9gulatrice, elle peut \u00eatre port\u00e9e \u00e9t\u00e9 comme hiver<\/p>\n","protected":false},"excerpt":{"rendered":"<p>Parfaite pour vos soir\u00e9es les plus chic, cette robe longue confectionn\u00e9e en laine m\u00e9rinos certifi\u00e9e RWS (Responsible Wool Standard) \u00e9pouse d\u00e9licatement les courbes. Avec un col rond et des manches longues, elle se distingue par un dos nu plongeant, bord\u00e9 de strass argent\u00e9s. Signez votre allure avec une paire d\u2019escarpins et un sac. &#8211; Robe [&hellip;]<\/p>\n","protected":false},"featured_media":818398,"comment_status":"open","ping_status":"closed","template":"","meta":[],"product_brand":[6868],"product_cat":[1756,1762],"product_tag":[2244],"acf":[],"_links":{"self":[{"href":"https:\/\/streetmarkets.fr\/app\/wp-json\/wp\/v2\/product\/818397"}],"collection":[{"href":"https:\/\/streetmarkets.fr\/app\/wp-json\/wp\/v2\/product"}],"about":[{"href":"https:\/\/streetmarkets.fr\/app\/wp-json\/wp\/v2\/types\/product"}],"replies":[{"embeddable":true,"href":"https:\/\/streetmarkets.fr\/app\/wp-json\/wp\/v2\/comments?post=818397"}],"wp:featuredmedia":[{"embeddable":true,"href":"https:\/\/streetmarkets.fr\/app\/wp-json\/wp\/v2\/media\/818398"}],"wp:attachment":[{"href":"https:\/\/streetmarkets.fr\/app\/wp-json\/wp\/v2\/media?parent=818397"}],"wp:term":[{"taxonomy":"product_brand","embeddable":true,"href":"https:\/\/streetmarkets.fr\/app\/wp-json\/wp\/v2\/product_brand?post=818397"},{"taxonomy":"product_cat","embeddable":true,"href":"https:\/\/streetmarkets.fr\/app\/wp-json\/wp\/v2\/product_cat?post=818397"},{"taxonomy":"product_tag","embeddable":true,"href":"https:\/\/streetmarkets.fr\/app\/wp-json\/wp\/v2\/product_tag?post=818397"}],"curies":[{"name":"wp","href":"https:\/\/api.w.org\/{rel}","templated":true}]}}