{"id":818386,"date":"2024-11-07T01:04:06","date_gmt":"2024-11-07T00:04:06","guid":{"rendered":"https:\/\/streetmarkets.fr\/app\/produit\/bonnet-a-revers-h24-accessoires-taupe\/"},"modified":"2025-02-24T01:07:49","modified_gmt":"2025-02-24T00:07:49","slug":"bonnet-a-revers-h24-accessoires-taupe","status":"publish","type":"product","link":"https:\/\/streetmarkets.fr\/app\/produit\/bonnet-a-revers-h24-accessoires-taupe\/","title":{"rendered":"Bonnet \u00e0 Revers (H24 \/ ACCESSOIRES \/ Taupe)"},"content":{"rendered":"<p>D\u00e9clin\u00e9 dans les couleurs phares de la saison, ce bonnet en cachemire 4 fils vient r\u00e9chauffer votre silhouette avec \u00e9l\u00e9gance. Accessoire incontournable du vestiaire, il accompagnera vos looks d\u00e9contract\u00e9s comme sophistiqu\u00e9s. <\/p>\n<p>&#8211; Bonnet en cachemire 4 fils certifi\u00e9 GCS\u00ae<br \/>\n<br \/>&#8211; \u00c0 revers<br \/>\n<br \/>&#8211; C\u00f4tel\u00e9<br \/>\n<br \/>&#8211; Taille unique<br \/>\n<br \/>&#8211; Le Good Cashmere Standard\u00ae (GCS) est une norme ind\u00e9pendante pour un cachemire plus durable et plus responsable. Il vise \u00e0 am\u00e9liorer le bien-\u00eatre des ch\u00e8vres cachemire, les conditions de travail des \u00e9leveurs ainsi qu&#8217;\u00e0 prot\u00e9ger l&#8217;environnement.<\/p>\n","protected":false},"excerpt":{"rendered":"<p>D\u00e9clin\u00e9 dans les couleurs phares de la saison, ce bonnet en cachemire 4 fils vient r\u00e9chauffer votre silhouette avec \u00e9l\u00e9gance. Accessoire incontournable du vestiaire, il accompagnera vos looks d\u00e9contract\u00e9s comme sophistiqu\u00e9s. &#8211; Bonnet en cachemire 4 fils certifi\u00e9 GCS\u00ae &#8211; \u00c0 revers &#8211; C\u00f4tel\u00e9 &#8211; Taille unique &#8211; Le Good Cashmere Standard\u00ae (GCS) est une [&hellip;]<\/p>\n","protected":false},"featured_media":818387,"comment_status":"open","ping_status":"closed","template":"","meta":[],"product_brand":[6868],"product_cat":[1756,1764],"product_tag":[2244],"acf":[],"_links":{"self":[{"href":"https:\/\/streetmarkets.fr\/app\/wp-json\/wp\/v2\/product\/818386"}],"collection":[{"href":"https:\/\/streetmarkets.fr\/app\/wp-json\/wp\/v2\/product"}],"about":[{"href":"https:\/\/streetmarkets.fr\/app\/wp-json\/wp\/v2\/types\/product"}],"replies":[{"embeddable":true,"href":"https:\/\/streetmarkets.fr\/app\/wp-json\/wp\/v2\/comments?post=818386"}],"wp:featuredmedia":[{"embeddable":true,"href":"https:\/\/streetmarkets.fr\/app\/wp-json\/wp\/v2\/media\/818387"}],"wp:attachment":[{"href":"https:\/\/streetmarkets.fr\/app\/wp-json\/wp\/v2\/media?parent=818386"}],"wp:term":[{"taxonomy":"product_brand","embeddable":true,"href":"https:\/\/streetmarkets.fr\/app\/wp-json\/wp\/v2\/product_brand?post=818386"},{"taxonomy":"product_cat","embeddable":true,"href":"https:\/\/streetmarkets.fr\/app\/wp-json\/wp\/v2\/product_cat?post=818386"},{"taxonomy":"product_tag","embeddable":true,"href":"https:\/\/streetmarkets.fr\/app\/wp-json\/wp\/v2\/product_tag?post=818386"}],"curies":[{"name":"wp","href":"https:\/\/api.w.org\/{rel}","templated":true}]}}