{"id":818378,"date":"2024-11-07T01:04:05","date_gmt":"2024-11-07T00:04:05","guid":{"rendered":"https:\/\/streetmarkets.fr\/app\/produit\/top-manches-longues-h24-femme-noir\/"},"modified":"2025-03-05T01:01:04","modified_gmt":"2025-03-05T00:01:04","slug":"top-manches-longues-h24-femme-noir","status":"publish","type":"product","link":"https:\/\/streetmarkets.fr\/app\/produit\/top-manches-longues-h24-femme-noir\/","title":{"rendered":"Top Manches Longues (H24 \/ FEMME \/ Noir)"},"content":{"rendered":"<p>Un d\u00e9collet\u00e9 c\u0153ur, bord\u00e9 de strass \u00e9tincelants, illumine ce top \u00e0 manches longues. Confectionn\u00e9 en laine m\u00e9rinos certifi\u00e9e RWS (Responsible Wool Standard), sa maille c\u00f4tel\u00e9e et ajust\u00e9e \u00e9pouse la silhouette avec \u00e9l\u00e9gance. Parfaites pour vos tenues de soir\u00e9es, associez-l\u00e0 \u00e0 une jupe satin\u00e9e et une paire d\u2019escarpins.<\/p>\n<p>&#8211; Top en laine m\u00e9rinos Femme<br \/>\n<br \/>&#8211; C\u00f4tel\u00e9<br \/>\n<br \/>&#8211; D\u00e9collet\u00e9 c\u0153ur \u00e0 strass<br \/>\n<br \/>&#8211; Manches longues<br \/>\n<br \/>&#8211; Coupe regular<br \/>\n<br \/>&#8211; Laine m\u00e9rinos : respirante et thermor\u00e9gulatrice, elle peut \u00eatre port\u00e9e \u00e9t\u00e9 comme hiver<\/p>\n","protected":false},"excerpt":{"rendered":"<p>Un d\u00e9collet\u00e9 c\u0153ur, bord\u00e9 de strass \u00e9tincelants, illumine ce top \u00e0 manches longues. Confectionn\u00e9 en laine m\u00e9rinos certifi\u00e9e RWS (Responsible Wool Standard), sa maille c\u00f4tel\u00e9e et ajust\u00e9e \u00e9pouse la silhouette avec \u00e9l\u00e9gance. Parfaites pour vos tenues de soir\u00e9es, associez-l\u00e0 \u00e0 une jupe satin\u00e9e et une paire d\u2019escarpins. &#8211; Top en laine m\u00e9rinos Femme &#8211; C\u00f4tel\u00e9 [&hellip;]<\/p>\n","protected":false},"featured_media":818379,"comment_status":"open","ping_status":"closed","template":"","meta":[],"product_brand":[6868],"product_cat":[1756,1762],"product_tag":[2244],"acf":[],"_links":{"self":[{"href":"https:\/\/streetmarkets.fr\/app\/wp-json\/wp\/v2\/product\/818378"}],"collection":[{"href":"https:\/\/streetmarkets.fr\/app\/wp-json\/wp\/v2\/product"}],"about":[{"href":"https:\/\/streetmarkets.fr\/app\/wp-json\/wp\/v2\/types\/product"}],"replies":[{"embeddable":true,"href":"https:\/\/streetmarkets.fr\/app\/wp-json\/wp\/v2\/comments?post=818378"}],"wp:featuredmedia":[{"embeddable":true,"href":"https:\/\/streetmarkets.fr\/app\/wp-json\/wp\/v2\/media\/818379"}],"wp:attachment":[{"href":"https:\/\/streetmarkets.fr\/app\/wp-json\/wp\/v2\/media?parent=818378"}],"wp:term":[{"taxonomy":"product_brand","embeddable":true,"href":"https:\/\/streetmarkets.fr\/app\/wp-json\/wp\/v2\/product_brand?post=818378"},{"taxonomy":"product_cat","embeddable":true,"href":"https:\/\/streetmarkets.fr\/app\/wp-json\/wp\/v2\/product_cat?post=818378"},{"taxonomy":"product_tag","embeddable":true,"href":"https:\/\/streetmarkets.fr\/app\/wp-json\/wp\/v2\/product_tag?post=818378"}],"curies":[{"name":"wp","href":"https:\/\/api.w.org\/{rel}","templated":true}]}}