{"id":818352,"date":"2024-11-07T01:04:04","date_gmt":"2024-11-07T00:04:04","guid":{"rendered":"https:\/\/streetmarkets.fr\/app\/produit\/pull-col-montant-sport-dhiver-h24-femme-pop-blue\/"},"modified":"2025-03-16T00:57:12","modified_gmt":"2025-03-15T23:57:12","slug":"pull-col-montant-sport-dhiver-h24-femme-pop-blue","status":"publish","type":"product","link":"https:\/\/streetmarkets.fr\/app\/produit\/pull-col-montant-sport-dhiver-h24-femme-pop-blue\/","title":{"rendered":"Pull Col Montant Sport D&#8217;hiver (H24 \/ FEMME \/ Pop Blue)"},"content":{"rendered":"<p>Tout schuss vers un hiver styl\u00e9 dans ce pull en cachemire infiniment doux. Dot\u00e9 d\u2019un col montant, de manches longues et de bords c\u00f4tel\u00e9s, il r\u00e9v\u00e8le un motif contrast\u00e9 Ski de fond &#8220;From Future Sports d\u2019Hiver&#8221; \u00e0 l\u2019avant. D\u2019une \u00e9l\u00e9gance d\u00e9contract\u00e9e, il s\u2019associe \u00e0 un t-shirt et un pantalon ample.<\/p>\n<p>&#8211; Pull en cachemire certifi\u00e9 GCS\u00ae Femme<br \/>\n<br \/>&#8211; Motif Ski de fond &#8220;From Future Sports d\u2019Hiver&#8221;<br \/>\n<br \/>&#8211; Col montant<br \/>\n<br \/>&#8211; Manches longues<br \/>\n<br \/>&#8211; Bords c\u00f4tel\u00e9s<br \/>\n<br \/>&#8211; Coupe regular<br \/>\n<br \/>&#8211; Le Good Cashmere Standard\u00ae (GCS) est une norme ind\u00e9pendante pour un cachemire plus durable et plus responsable. Il vise \u00e0 am\u00e9liorer le bien-\u00eatre des ch\u00e8vres cachemire, les conditions de travail des \u00e9leveurs ainsi qu&#8217;\u00e0 prot\u00e9ger l&#8217;environnement.<br \/>&#8211; <u>Cachemire 4 fils<\/u> <\/p>\n","protected":false},"excerpt":{"rendered":"<p>Tout schuss vers un hiver styl\u00e9 dans ce pull en cachemire infiniment doux. Dot\u00e9 d\u2019un col montant, de manches longues et de bords c\u00f4tel\u00e9s, il r\u00e9v\u00e8le un motif contrast\u00e9 Ski de fond &#8220;From Future Sports d\u2019Hiver&#8221; \u00e0 l\u2019avant. D\u2019une \u00e9l\u00e9gance d\u00e9contract\u00e9e, il s\u2019associe \u00e0 un t-shirt et un pantalon ample. &#8211; Pull en cachemire certifi\u00e9 [&hellip;]<\/p>\n","protected":false},"featured_media":818353,"comment_status":"open","ping_status":"closed","template":"","meta":[],"product_brand":[6868],"product_cat":[1756,1762],"product_tag":[2244],"acf":[],"_links":{"self":[{"href":"https:\/\/streetmarkets.fr\/app\/wp-json\/wp\/v2\/product\/818352"}],"collection":[{"href":"https:\/\/streetmarkets.fr\/app\/wp-json\/wp\/v2\/product"}],"about":[{"href":"https:\/\/streetmarkets.fr\/app\/wp-json\/wp\/v2\/types\/product"}],"replies":[{"embeddable":true,"href":"https:\/\/streetmarkets.fr\/app\/wp-json\/wp\/v2\/comments?post=818352"}],"wp:featuredmedia":[{"embeddable":true,"href":"https:\/\/streetmarkets.fr\/app\/wp-json\/wp\/v2\/media\/818353"}],"wp:attachment":[{"href":"https:\/\/streetmarkets.fr\/app\/wp-json\/wp\/v2\/media?parent=818352"}],"wp:term":[{"taxonomy":"product_brand","embeddable":true,"href":"https:\/\/streetmarkets.fr\/app\/wp-json\/wp\/v2\/product_brand?post=818352"},{"taxonomy":"product_cat","embeddable":true,"href":"https:\/\/streetmarkets.fr\/app\/wp-json\/wp\/v2\/product_cat?post=818352"},{"taxonomy":"product_tag","embeddable":true,"href":"https:\/\/streetmarkets.fr\/app\/wp-json\/wp\/v2\/product_tag?post=818352"}],"curies":[{"name":"wp","href":"https:\/\/api.w.org\/{rel}","templated":true}]}}