{"id":818336,"date":"2024-11-07T01:04:02","date_gmt":"2024-11-07T00:04:02","guid":{"rendered":"https:\/\/streetmarkets.fr\/app\/produit\/pull-col-camionneur-h24-femme-gris-chine-fonce-2\/"},"modified":"2025-03-10T01:08:45","modified_gmt":"2025-03-10T00:08:45","slug":"pull-col-camionneur-h24-femme-gris-chine-fonce-2","status":"publish","type":"product","link":"https:\/\/streetmarkets.fr\/app\/produit\/pull-col-camionneur-h24-femme-gris-chine-fonce-2\/","title":{"rendered":"Pull Col Camionneur (H24 \/ FEMME \/ Gris Chin\u00e9 Fonc\u00e9)"},"content":{"rendered":"<p>\u00c9levez votre style vers des sommets enneig\u00e9s avec ce pull orn\u00e9 de bandes contrast\u00e9es et d&#8217;un motif Junior League. Confectionn\u00e9 en cachemire, il affiche un col camionneur et des manches longues pour une silhouette structur\u00e9e. Twistez votre look de saison avec un pantalon ample ou une jupe en maille.<\/p>\n<p>&#8211; Pull en cachemire certifi\u00e9 GCS\u00ae Femme<br \/>\n<br \/>&#8211; Motif Junior League<br \/>\n<br \/>&#8211; Bandes contrast\u00e9es<br \/>\n<br \/>&#8211; Col camionneur<br \/>\n<br \/>&#8211; Manches longues<br \/>\n<br \/>&#8211; Bords c\u00f4tel\u00e9s<br \/>\n<br \/>&#8211; Coupe regular<br \/>\n<br \/>&#8211; Le Good Cashmere Standard\u00ae (GCS) est une norme ind\u00e9pendante pour un cachemire plus durable et plus responsable. Il vise \u00e0 am\u00e9liorer le bien-\u00eatre des ch\u00e8vres cachemire, les conditions de travail des \u00e9leveurs ainsi qu&#8217;\u00e0 prot\u00e9ger l&#8217;environnement.<br \/>&#8211; <u>Cachemire 6 fils<\/u> <\/p>\n","protected":false},"excerpt":{"rendered":"<p>\u00c9levez votre style vers des sommets enneig\u00e9s avec ce pull orn\u00e9 de bandes contrast\u00e9es et d&#8217;un motif Junior League. Confectionn\u00e9 en cachemire, il affiche un col camionneur et des manches longues pour une silhouette structur\u00e9e. Twistez votre look de saison avec un pantalon ample ou une jupe en maille. &#8211; Pull en cachemire certifi\u00e9 GCS\u00ae [&hellip;]<\/p>\n","protected":false},"featured_media":818337,"comment_status":"open","ping_status":"closed","template":"","meta":[],"product_brand":[6868],"product_cat":[1756,1762],"product_tag":[2244],"acf":[],"_links":{"self":[{"href":"https:\/\/streetmarkets.fr\/app\/wp-json\/wp\/v2\/product\/818336"}],"collection":[{"href":"https:\/\/streetmarkets.fr\/app\/wp-json\/wp\/v2\/product"}],"about":[{"href":"https:\/\/streetmarkets.fr\/app\/wp-json\/wp\/v2\/types\/product"}],"replies":[{"embeddable":true,"href":"https:\/\/streetmarkets.fr\/app\/wp-json\/wp\/v2\/comments?post=818336"}],"wp:featuredmedia":[{"embeddable":true,"href":"https:\/\/streetmarkets.fr\/app\/wp-json\/wp\/v2\/media\/818337"}],"wp:attachment":[{"href":"https:\/\/streetmarkets.fr\/app\/wp-json\/wp\/v2\/media?parent=818336"}],"wp:term":[{"taxonomy":"product_brand","embeddable":true,"href":"https:\/\/streetmarkets.fr\/app\/wp-json\/wp\/v2\/product_brand?post=818336"},{"taxonomy":"product_cat","embeddable":true,"href":"https:\/\/streetmarkets.fr\/app\/wp-json\/wp\/v2\/product_cat?post=818336"},{"taxonomy":"product_tag","embeddable":true,"href":"https:\/\/streetmarkets.fr\/app\/wp-json\/wp\/v2\/product_tag?post=818336"}],"curies":[{"name":"wp","href":"https:\/\/api.w.org\/{rel}","templated":true}]}}