{"id":818328,"date":"2024-11-07T01:04:01","date_gmt":"2024-11-07T00:04:01","guid":{"rendered":"https:\/\/streetmarkets.fr\/app\/produit\/pull-col-roule-h24-femme-dark-red\/"},"modified":"2025-02-04T01:08:22","modified_gmt":"2025-02-04T00:08:22","slug":"pull-col-roule-h24-femme-dark-red","status":"publish","type":"product","link":"https:\/\/streetmarkets.fr\/app\/produit\/pull-col-roule-h24-femme-dark-red\/","title":{"rendered":"Pull Col Roul\u00e9 (H24 \/ FEMME \/ Dark Red)"},"content":{"rendered":"<p>Pr\u00eate pour une saison au sommet du style ? Confectionn\u00e9 en cachemire infiniment doux, ce pull d\u00e9voile une inscription &#8220;Sports d&#8217;Hiver&#8221; \u00e0 l&#8217;avant. Muni d&#8217;un col roul\u00e9, de manches longues et de bords c\u00f4tel\u00e9s, il s&#8217;associe parfaitement \u00e0 un pantalon casual et une robe ajust\u00e9e.<\/p>\n<p>&#8211; Pull en cachemire certifi\u00e9 GCS\u00ae Femme<br \/>\n<br \/>&#8211; Inscription &#8220;Sports d&#8217;Hiver&#8221;<br \/>\n<br \/>&#8211; Col roul\u00e9<br \/>\n<br \/>&#8211; Bords c\u00f4tel\u00e9s<br \/>\n<br \/>&#8211; Manches longues<br \/>\n<br \/>&#8211; Coupe regular<br \/>\n<br \/>&#8211; Le Good Cashmere Standard\u00ae (GCS) est une norme ind\u00e9pendante pour un cachemire plus durable et plus responsable. Il vise \u00e0 am\u00e9liorer le bien-\u00eatre des ch\u00e8vres cachemire, les conditions de travail des \u00e9leveurs ainsi qu&#8217;\u00e0 prot\u00e9ger l&#8217;environnement.<br \/>&#8211; <u>Cachemire 4 fils<\/u> <\/p>\n","protected":false},"excerpt":{"rendered":"<p>Pr\u00eate pour une saison au sommet du style ? Confectionn\u00e9 en cachemire infiniment doux, ce pull d\u00e9voile une inscription &#8220;Sports d&#8217;Hiver&#8221; \u00e0 l&#8217;avant. Muni d&#8217;un col roul\u00e9, de manches longues et de bords c\u00f4tel\u00e9s, il s&#8217;associe parfaitement \u00e0 un pantalon casual et une robe ajust\u00e9e. &#8211; Pull en cachemire certifi\u00e9 GCS\u00ae Femme &#8211; Inscription &#8220;Sports [&hellip;]<\/p>\n","protected":false},"featured_media":818329,"comment_status":"open","ping_status":"closed","template":"","meta":[],"product_brand":[6868],"product_cat":[1756,1762],"product_tag":[2244],"acf":[],"_links":{"self":[{"href":"https:\/\/streetmarkets.fr\/app\/wp-json\/wp\/v2\/product\/818328"}],"collection":[{"href":"https:\/\/streetmarkets.fr\/app\/wp-json\/wp\/v2\/product"}],"about":[{"href":"https:\/\/streetmarkets.fr\/app\/wp-json\/wp\/v2\/types\/product"}],"replies":[{"embeddable":true,"href":"https:\/\/streetmarkets.fr\/app\/wp-json\/wp\/v2\/comments?post=818328"}],"wp:featuredmedia":[{"embeddable":true,"href":"https:\/\/streetmarkets.fr\/app\/wp-json\/wp\/v2\/media\/818329"}],"wp:attachment":[{"href":"https:\/\/streetmarkets.fr\/app\/wp-json\/wp\/v2\/media?parent=818328"}],"wp:term":[{"taxonomy":"product_brand","embeddable":true,"href":"https:\/\/streetmarkets.fr\/app\/wp-json\/wp\/v2\/product_brand?post=818328"},{"taxonomy":"product_cat","embeddable":true,"href":"https:\/\/streetmarkets.fr\/app\/wp-json\/wp\/v2\/product_cat?post=818328"},{"taxonomy":"product_tag","embeddable":true,"href":"https:\/\/streetmarkets.fr\/app\/wp-json\/wp\/v2\/product_tag?post=818328"}],"curies":[{"name":"wp","href":"https:\/\/api.w.org\/{rel}","templated":true}]}}