{"id":818320,"date":"2024-11-07T01:04:01","date_gmt":"2024-11-07T00:04:01","guid":{"rendered":"https:\/\/streetmarkets.fr\/app\/produit\/pull-col-roule-hairy-a-motif-flocons-h24-femme-baby-blue\/"},"modified":"2025-02-04T01:08:22","modified_gmt":"2025-02-04T00:08:22","slug":"pull-col-roule-hairy-a-motif-flocons-h24-femme-baby-blue","status":"publish","type":"product","link":"https:\/\/streetmarkets.fr\/app\/produit\/pull-col-roule-hairy-a-motif-flocons-h24-femme-baby-blue\/","title":{"rendered":"Pull Col Roul\u00e9 Hairy \u00e0 Motif Flocons (H24 \/ FEMME \/ Baby Blue)"},"content":{"rendered":"<p>Une maille douillette qui propulse vos looks aux sommets du style. Confectionn\u00e9 en cachemire bross\u00e9, ce pull oversize se twiste de flocons en all-over et des liser\u00e9s contrast\u00e9s. Muni d&#8217;un col roul\u00e9 et de manches longues, il s&#8217;associe \u00e0 un jean ample ou une jupe fluide.<\/p>\n<p>&#8211; Pull long en cachemire bross\u00e9 Femme<br \/>\n<br \/>&#8211; Motifs flocons<br \/>\n<br \/>&#8211; Liser\u00e9s contrast\u00e9s<br \/>\n<br \/>&#8211; Col roul\u00e9<br \/>\n<br \/>&#8211; Manches longues<br \/>\n<br \/>&#8211; Bords c\u00f4tel\u00e9s<br \/>\n<br \/>&#8211; Coupe oversize<br \/>&#8211; <u>Cachemire 2 fils<\/u> <\/p>\n","protected":false},"excerpt":{"rendered":"<p>Une maille douillette qui propulse vos looks aux sommets du style. Confectionn\u00e9 en cachemire bross\u00e9, ce pull oversize se twiste de flocons en all-over et des liser\u00e9s contrast\u00e9s. Muni d&#8217;un col roul\u00e9 et de manches longues, il s&#8217;associe \u00e0 un jean ample ou une jupe fluide. &#8211; Pull long en cachemire bross\u00e9 Femme &#8211; Motifs [&hellip;]<\/p>\n","protected":false},"featured_media":818321,"comment_status":"open","ping_status":"closed","template":"","meta":[],"product_brand":[6868],"product_cat":[1756,1762],"product_tag":[2244],"acf":[],"_links":{"self":[{"href":"https:\/\/streetmarkets.fr\/app\/wp-json\/wp\/v2\/product\/818320"}],"collection":[{"href":"https:\/\/streetmarkets.fr\/app\/wp-json\/wp\/v2\/product"}],"about":[{"href":"https:\/\/streetmarkets.fr\/app\/wp-json\/wp\/v2\/types\/product"}],"replies":[{"embeddable":true,"href":"https:\/\/streetmarkets.fr\/app\/wp-json\/wp\/v2\/comments?post=818320"}],"wp:featuredmedia":[{"embeddable":true,"href":"https:\/\/streetmarkets.fr\/app\/wp-json\/wp\/v2\/media\/818321"}],"wp:attachment":[{"href":"https:\/\/streetmarkets.fr\/app\/wp-json\/wp\/v2\/media?parent=818320"}],"wp:term":[{"taxonomy":"product_brand","embeddable":true,"href":"https:\/\/streetmarkets.fr\/app\/wp-json\/wp\/v2\/product_brand?post=818320"},{"taxonomy":"product_cat","embeddable":true,"href":"https:\/\/streetmarkets.fr\/app\/wp-json\/wp\/v2\/product_cat?post=818320"},{"taxonomy":"product_tag","embeddable":true,"href":"https:\/\/streetmarkets.fr\/app\/wp-json\/wp\/v2\/product_tag?post=818320"}],"curies":[{"name":"wp","href":"https:\/\/api.w.org\/{rel}","templated":true}]}}