{"id":818308,"date":"2024-11-07T01:04:00","date_gmt":"2024-11-07T00:04:00","guid":{"rendered":"https:\/\/streetmarkets.fr\/app\/produit\/top-manches-longues-en-cachemire-brosse-h24-femme-ecru\/"},"modified":"2025-03-16T00:57:11","modified_gmt":"2025-03-15T23:57:11","slug":"top-manches-longues-en-cachemire-brosse-h24-femme-ecru","status":"publish","type":"product","link":"https:\/\/streetmarkets.fr\/app\/produit\/top-manches-longues-en-cachemire-brosse-h24-femme-ecru\/","title":{"rendered":"Top Manches Longues en Cachemire Bross\u00e9 (H24 \/ FEMME \/ Ecru)"},"content":{"rendered":"<p>Tout en \u00e9l\u00e9gance, ce top en cachemire se distingue par un col bardot, d\u00e9voilant les \u00e9paules. Sa coupe courte et oversize est soulign\u00e9e par des bords c\u00f4tel\u00e9s et des manches longues. Id\u00e9al de jour comme de nuit, il s&#8217;associe \u00e0 une jupe fluide ou un pantalon ample.<\/p>\n<p>&#8211; Top court en cachemire Femme<br \/>\n<br \/>&#8211; Col bardot<br \/>\n<br \/>&#8211; Manches longues<br \/>\n<br \/>&#8211; Bords c\u00f4tel\u00e9s<br \/>\n<br \/>&#8211; Coupe oversize<br \/>&#8211; <u>Cachemire 2 fils<\/u> <\/p>\n","protected":false},"excerpt":{"rendered":"<p>Tout en \u00e9l\u00e9gance, ce top en cachemire se distingue par un col bardot, d\u00e9voilant les \u00e9paules. Sa coupe courte et oversize est soulign\u00e9e par des bords c\u00f4tel\u00e9s et des manches longues. Id\u00e9al de jour comme de nuit, il s&#8217;associe \u00e0 une jupe fluide ou un pantalon ample. &#8211; Top court en cachemire Femme &#8211; Col [&hellip;]<\/p>\n","protected":false},"featured_media":818309,"comment_status":"open","ping_status":"closed","template":"","meta":[],"product_brand":[6868],"product_cat":[1756,1762],"product_tag":[2244],"acf":[],"_links":{"self":[{"href":"https:\/\/streetmarkets.fr\/app\/wp-json\/wp\/v2\/product\/818308"}],"collection":[{"href":"https:\/\/streetmarkets.fr\/app\/wp-json\/wp\/v2\/product"}],"about":[{"href":"https:\/\/streetmarkets.fr\/app\/wp-json\/wp\/v2\/types\/product"}],"replies":[{"embeddable":true,"href":"https:\/\/streetmarkets.fr\/app\/wp-json\/wp\/v2\/comments?post=818308"}],"wp:featuredmedia":[{"embeddable":true,"href":"https:\/\/streetmarkets.fr\/app\/wp-json\/wp\/v2\/media\/818309"}],"wp:attachment":[{"href":"https:\/\/streetmarkets.fr\/app\/wp-json\/wp\/v2\/media?parent=818308"}],"wp:term":[{"taxonomy":"product_brand","embeddable":true,"href":"https:\/\/streetmarkets.fr\/app\/wp-json\/wp\/v2\/product_brand?post=818308"},{"taxonomy":"product_cat","embeddable":true,"href":"https:\/\/streetmarkets.fr\/app\/wp-json\/wp\/v2\/product_cat?post=818308"},{"taxonomy":"product_tag","embeddable":true,"href":"https:\/\/streetmarkets.fr\/app\/wp-json\/wp\/v2\/product_tag?post=818308"}],"curies":[{"name":"wp","href":"https:\/\/api.w.org\/{rel}","templated":true}]}}