{"id":818291,"date":"2024-11-07T01:03:59","date_gmt":"2024-11-07T00:03:59","guid":{"rendered":"https:\/\/streetmarkets.fr\/app\/produit\/echarpe-a-franges-h24-accessoires-dark-red\/"},"modified":"2025-02-24T01:07:48","modified_gmt":"2025-02-24T00:07:48","slug":"echarpe-a-franges-h24-accessoires-dark-red","status":"publish","type":"product","link":"https:\/\/streetmarkets.fr\/app\/produit\/echarpe-a-franges-h24-accessoires-dark-red\/","title":{"rendered":"Echarpe \u00e0 Franges (H24 \/ ACCESSOIRES \/ Dark Red)"},"content":{"rendered":"<p>Accessoire indispensable du vestiaire From Future, cette \u00e9charpe en cachemire se pare d&#8217;une broderie signature. Orn\u00e9e de franges, elle vient r\u00e9chauffer votre allure avec une touche d&#8217;\u00e9l\u00e9gance. <\/p>\n<p>&#8211; \u00c9charpe en cachemire<br \/>\n<br \/>&#8211; Broderie &#8220;From Future&#8221;<br \/>\n<br \/>&#8211; Franges<br \/>\n<br \/>&#8211; Coupe regular<\/p>\n","protected":false},"excerpt":{"rendered":"<p>Accessoire indispensable du vestiaire From Future, cette \u00e9charpe en cachemire se pare d&#8217;une broderie signature. Orn\u00e9e de franges, elle vient r\u00e9chauffer votre allure avec une touche d&#8217;\u00e9l\u00e9gance. &#8211; \u00c9charpe en cachemire &#8211; Broderie &#8220;From Future&#8221; &#8211; Franges &#8211; Coupe regular<\/p>\n","protected":false},"featured_media":818292,"comment_status":"open","ping_status":"closed","template":"","meta":[],"product_brand":[6868],"product_cat":[1756,1764],"product_tag":[2244],"acf":[],"_links":{"self":[{"href":"https:\/\/streetmarkets.fr\/app\/wp-json\/wp\/v2\/product\/818291"}],"collection":[{"href":"https:\/\/streetmarkets.fr\/app\/wp-json\/wp\/v2\/product"}],"about":[{"href":"https:\/\/streetmarkets.fr\/app\/wp-json\/wp\/v2\/types\/product"}],"replies":[{"embeddable":true,"href":"https:\/\/streetmarkets.fr\/app\/wp-json\/wp\/v2\/comments?post=818291"}],"wp:featuredmedia":[{"embeddable":true,"href":"https:\/\/streetmarkets.fr\/app\/wp-json\/wp\/v2\/media\/818292"}],"wp:attachment":[{"href":"https:\/\/streetmarkets.fr\/app\/wp-json\/wp\/v2\/media?parent=818291"}],"wp:term":[{"taxonomy":"product_brand","embeddable":true,"href":"https:\/\/streetmarkets.fr\/app\/wp-json\/wp\/v2\/product_brand?post=818291"},{"taxonomy":"product_cat","embeddable":true,"href":"https:\/\/streetmarkets.fr\/app\/wp-json\/wp\/v2\/product_cat?post=818291"},{"taxonomy":"product_tag","embeddable":true,"href":"https:\/\/streetmarkets.fr\/app\/wp-json\/wp\/v2\/product_tag?post=818291"}],"curies":[{"name":"wp","href":"https:\/\/api.w.org\/{rel}","templated":true}]}}